{"id":2511,"date":"2022-12-14T14:38:03","date_gmt":"2022-12-14T13:38:03","guid":{"rendered":"https:\/\/poldar.com.pl\/kontakt\/"},"modified":"2025-12-16T10:37:31","modified_gmt":"2025-12-16T09:37:31","slug":"kontakt","status":"publish","type":"page","link":"https:\/\/poldar.com.pl\/cs\/kontakt\/","title":{"rendered":"Kontakt"},"content":{"rendered":"<section class=\"bde-section-2511-164 bde-section\">\n  \n  \n\t\n\n\n\n<div class=\"section-container\"><div class=\"bde-columns-2511-165 bde-columns\"><div class=\"bde-column-2511-166 bde-column\">\n  \n  \n\t\n\n\n\n<h1 class=\"bde-heading-2511-167 bde-heading\">\nKontakt\n<\/h1><div class=\"bde-text-2511-168 bde-text\">\nKontaktujte n\u00e1s\n<\/div><div class=\"bde-form-builder-2511-206 bde-form-builder\">\n\n<form id=\"formularz206\" class=\"breakdance-form breakdance-form--vertical\" data-options=\"{&quot;slug&quot;:&quot;custom&quot;,&quot;name&quot;:&quot;Formularz&quot;,&quot;ajaxUrl&quot;:&quot;https:\\\/\\\/poldar.com.pl\\\/wp-admin\\\/admin-ajax.php&quot;,&quot;clearOnSuccess&quot;:true,&quot;hideOnSuccess&quot;:false,&quot;successMessage&quot;:&quot;Va\\u0161e zpr\\u00e1va byla odesl\\u00e1na&quot;,&quot;errorMessage&quot;:&quot;Chyba&quot;,&quot;redirect&quot;:false,&quot;redirectUrl&quot;:&quot;&quot;,&quot;customJavaScript&quot;:&quot;&quot;,&quot;recaptcha&quot;:{&quot;key&quot;:&quot;&quot;,&quot;enabled&quot;:false},&quot;honeypot_enabled&quot;:false,&quot;popupsOnSuccess&quot;:[],&quot;popupsOnError&quot;:[]}\" data-steps=\"0\" >\n  \n  \n  \n<div class=\"breakdance-form-field breakdance-form-field--text\" >\n    \n    \n            <label class=\"breakdance-form-field__label\" for=\"name\">\n            Jm\u00e9no<span class=\"breakdance-form-field__required\">*<\/span>\n        <\/label>\n    \n    <input\n    class=\"breakdance-form-field__input\"\n    id=\"name\"\n    aria-describedby=\"name\"\n    type=\"text\"\n    name=\"fields[name]\"\n    placeholder=\"Jm\u00e9no\"\n    value=\"\"\n                \n        \n        \n    required\n    \n    \n    \n    \n    \n>\n\n\n    \n    \n<\/div>\n\n\n<div class=\"breakdance-form-field breakdance-form-field--text\" >\n    \n    \n            <label class=\"breakdance-form-field__label\" for=\"iqdgqd\">\n            P\u0159\u00edjmen\u00ed<span class=\"breakdance-form-field__required\">*<\/span>\n        <\/label>\n    \n    <input\n    class=\"breakdance-form-field__input\"\n    id=\"iqdgqd\"\n    aria-describedby=\"iqdgqd\"\n    type=\"text\"\n    name=\"fields[iqdgqd]\"\n    placeholder=\"P\u0159\u00edjmen\u00ed\"\n    value=\"\"\n                \n        \n        \n    required\n    \n    \n    \n    \n    \n>\n\n\n    \n    \n<\/div>\n\n\n<div class=\"breakdance-form-field breakdance-form-field--email\" >\n    \n    \n            <label class=\"breakdance-form-field__label\" for=\"email\">\n            Email<span class=\"breakdance-form-field__required\">*<\/span>\n        <\/label>\n    \n    <input\n    class=\"breakdance-form-field__input\"\n    id=\"email\"\n    aria-describedby=\"email\"\n    type=\"email\"\n    name=\"fields[email]\"\n    placeholder=\"Email\"\n    value=\"\"\n                \n        \n        \n    required\n    \n    \n    \n    \n    \n>\n\n\n    \n    \n<\/div>\n\n\n<div class=\"breakdance-form-field breakdance-form-field--tel\" >\n    \n    \n            <label class=\"breakdance-form-field__label\" for=\"zozzaw\">\n            Telefonn\u00ed \u010d\u00edslo<span class=\"breakdance-form-field__required\">*<\/span>\n        <\/label>\n    \n    <input\n    class=\"breakdance-form-field__input\"\n    id=\"zozzaw\"\n    aria-describedby=\"zozzaw\"\n    type=\"tel\"\n    name=\"fields[zozzaw]\"\n    placeholder=\"Telefonn\u00ed \u010d\u00edslo\"\n    value=\"\"\n                \n        \n        \n    required\n    \n    \n    \n    \n    \n>\n\n\n    \n    \n<\/div>\n\n\n<div class=\"breakdance-form-field breakdance-form-field--select\" >\n    \n    \n            <label class=\"breakdance-form-field__label\" for=\"kcmgzy\">\n            Nab\u00eddka<span class=\"breakdance-form-field__required\">*<\/span>\n        <\/label>\n    \n    <select\n    class=\"breakdance-form-field__input\"\n    id=\"kcmgzy\"\n    name=\"fields[kcmgzy]\"\n    required\n    \n        \n    \n    >\n      <option value=\"\">Nab\u00eddka...<\/option>\n          <option value=\"Jsem nov\u00fd z\u00e1kazn\u00edk\" >Jsem nov\u00fd z\u00e1kazn\u00edk<\/option>\n        <option value=\"Jsem st\u00e1l\u00fd z\u00e1kazn\u00edk\" >Jsem st\u00e1l\u00fd z\u00e1kazn\u00edk<\/option>\n        <option value=\"Invidividu\u00e1ln\u00ed cen\u00edk\" >Invidividu\u00e1ln\u00ed cen\u00edk<\/option>\n  <\/select>\n\n\n    \n    \n<\/div>\n\n\n<div class=\"breakdance-form-field breakdance-form-field--textarea\" >\n    \n    \n            <label class=\"breakdance-form-field__label\" for=\"message\">\n            Zpr\u00e1va<span class=\"breakdance-form-field__required\">*<\/span>\n        <\/label>\n    \n    <textarea\n    class=\"breakdance-form-field__input\"\n    id=\"message\"\n    aria-describedby=\"message\"\n    type=\"textarea\"\n    name=\"fields[message]\"\n        placeholder=\"Zpr\u00e1va...\"\n    required\n    \n    \n    >\n<\/textarea>\n\n\n    \n    \n<\/div>\n\n\n<div class=\"breakdance-form-field breakdance-form-field--checkbox\" >\n    \n    \n    \n    <fieldset role=\"group\"\n    aria-label=\"Zgody\"\n    >\n       <legend class=\"breakdance-form-field__label\">Zgody<span class=\"breakdance-form-field__required\">*<\/span><\/legend>\n          <div class=\"breakdance-form-checkbox\">\n          <input\n              type=\"checkbox\"\n              name=\"fields[acxsnv][]\"\n              value=\"Souhlas\u00edm se zpracov\u00e1n\u00edm m\u00fdch osobn\u00edch \u00fadaj\u016f poskytnut\u00fdch ve v\u00fd\u0161e uveden\u00e9m formul\u00e1\u0159i pro obchodn\u00ed a marketingov\u00e9 \u00fa\u010dely spole\u010dnost\u00ed Z.P.U.H. Poldar Dariusz Rogala a t\u0159et\u00edmi stranami.\"\n              id=\"acxsnv-1\"\n              \n              \n                        >\n          <label class=\"breakdance-form-checkbox__text\" for=\"acxsnv-1\">Souhlas\u00edm se zpracov\u00e1n\u00edm m\u00fdch osobn\u00edch \u00fadaj\u016f poskytnut\u00fdch ve v\u00fd\u0161e uveden\u00e9m formul\u00e1\u0159i pro obchodn\u00ed a marketingov\u00e9 \u00fa\u010dely spole\u010dnost\u00ed Z.P.U.H. Poldar Dariusz Rogala a t\u0159et\u00edmi stranami.<\/label>\n      <\/div>\n        <div class=\"breakdance-form-checkbox\">\n          <input\n              type=\"checkbox\"\n              name=\"fields[acxsnv][]\"\n              value=\"P\u0159e\u010detl jsem si Z\u00e1sady ochrany osobn\u00edch \u00fadaj\u016f a souhlas\u00edm s nimi.\"\n              id=\"acxsnv-2\"\n              \n              \n                        >\n          <label class=\"breakdance-form-checkbox__text\" for=\"acxsnv-2\">P\u0159e\u010detl jsem si <a href=\"https:\/\/poldar.com.pl\/cs\/polityka-prywatnosci\/\" target=\"_blank\"Z\u00e1sady ochrany osobn\u00edch \u00fadaj\u016f<\/a> a souhlas\u00edm s nimi.<\/label>\n      <\/div>\n  <\/fieldset>\n\n\n\n    \n    \n<\/div><div class=\"breakdance-form-field breakdance-form-footer\">    \n    \n    \n    \n    \n            \n            <button type=\"submit\" class=\"button-atom button-atom--primary breakdance-form-button breakdance-form-button__submit\"  >\n    \n        <span class=\"button-atom__text\">ODESLAT<\/span>\n\n        \n        \n            <\/button>\n    \n    <input type=\"hidden\" name=\"form_id\" value=\"206\">\n    <input type=\"hidden\" name=\"post_id\" value=\"2511\">\n<\/div>\n\n  \n<\/form>\n\n\n<\/div>\n<\/div><div class=\"bde-column-2511-170 bde-column\">\n  \n  \n\t\n\n\n\n<div class=\"bde-image-2511-171 bde-image\">\n<figure class=\"breakdance-image breakdance-image--230\">\n\t<div class=\"breakdance-image-container\">\n\t\t<div class=\"breakdance-image-clip\"><img loading=\"lazy\" decoding=\"async\" class=\"breakdance-image-object\" src=\"https:\/\/poldar.com.pl\/wp-content\/uploads\/Group-43-1.png\" width=\"453\" height=\"510\" srcset=\"https:\/\/poldar.com.pl\/wp-content\/uploads\/Group-43-1.png 453w, https:\/\/poldar.com.pl\/wp-content\/uploads\/Group-43-1-266x300.png 266w\" sizes=\"auto, (max-width: 453px) 100vw, 453px\"><\/div>\n\t<\/div><\/figure>\n\n<\/div>\n<\/div><\/div><\/div>\n<\/section><section class=\"bde-section-2511-200 bde-section\">\n  \n  \n\t\n\n\n\n<div class=\"section-container\"><div class=\"bde-shortcode-2511-203 bde-shortcode\"><iframe src=\"https:\/\/www.google.com\/maps\/embed?pb=!1m18!1m12!1m3!1d2466.240746840779!2d18.023837315781492!3d51.820032479687654!2m3!1f0!2f0!3f0!3m2!1i1024!2i768!4f13.1!3m3!1m2!1s0x471ace291cd2fc55%3A0xef4021e3483d8c22!2zWi5QLlUuSCBQT0xEQVIgcHJvZHVjZW50IGNlYnVsaSwgY2VidWxraSBzbWHFvG9uZWogLyBwcmHFvG9uZWogZnJpZWQgYnJlYWRlZCBvbmlvbiBwcm9kdWNlciDQv9GA0L7QuNC30LLQvtC00LjRgtC10LvRjCDQttCw0YDQtdC90L7Qs9C-INC70YPQutCw!5e0!3m2!1spl!2spl!4v1675418042057!5m2!1spl!2spl\" width=\"100%\" height=\"450\" style=\"border:0;\" allowfullscreen=\"\" loading=\"lazy\" referrerpolicy=\"no-referrer-when-downgrade\"><\/iframe>\"<\/div><\/div>\n<\/section><section class=\"bde-section-2511-172 bde-section\">\n  \n  \n\t\n\n\n\n<div class=\"section-container\"><h2 class=\"bde-heading-2511-173 bde-heading\">\nN\u00e1\u0161 t\u00fdm\n<\/h2><div class=\"bde-text-2511-174 bde-text\">\nnev\u00e1hejte n\u00e1s kontaktovat\n<\/div><div class=\"bde-columns-2511-175 bde-columns\"><div class=\"bde-column-2511-176 bde-column\">\n  \n  \n\t\n\n\n\n<div class=\"bde-image-2511-177 bde-image\">\n<figure class=\"breakdance-image breakdance-image--244\">\n\t<div class=\"breakdance-image-container\">\n\t\t<div class=\"breakdance-image-clip\"><img loading=\"lazy\" decoding=\"async\" class=\"breakdance-image-object\" src=\"https:\/\/poldar.com.pl\/wp-content\/uploads\/Mask-group-1.png\" width=\"1685\" height=\"1685\" srcset=\"https:\/\/poldar.com.pl\/wp-content\/uploads\/Mask-group-1.png 1685w, https:\/\/poldar.com.pl\/wp-content\/uploads\/Mask-group-1-300x300.png 300w, https:\/\/poldar.com.pl\/wp-content\/uploads\/Mask-group-1-1024x1024.png 1024w, https:\/\/poldar.com.pl\/wp-content\/uploads\/Mask-group-1-150x150.png 150w, https:\/\/poldar.com.pl\/wp-content\/uploads\/Mask-group-1-768x768.png 768w, https:\/\/poldar.com.pl\/wp-content\/uploads\/Mask-group-1-1536x1536.png 1536w\" sizes=\"auto, (max-width: 1685px) 100vw, 1685px\"><\/div>\n\t<\/div><\/figure>\n\n<\/div><h3 class=\"bde-heading-2511-178 bde-heading\">\nMonika Starzec\n<\/h3><div class=\"bde-text-2511-179 bde-text\">\nSpecialista z\u00e1kaznick\u00e9ho servisu\n<\/div><div class=\"bde-div-2511-180 bde-div\">\n  \n  \n\t\n\n\n\n<div class=\"bde-icon-2511-181 bde-icon\">\n\n    \n            <div class=\"bde-icon-icon breakdance-icon-atom\" >\n    \n                    <svg xmlns=\"http:\/\/www.w3.org\/2000\/svg\" width=\"26\" height=\"18\" viewBox=\"0 0 26 18\" fill=\"none\">\n<path fill-rule=\"evenodd\" clip-rule=\"evenodd\" d=\"M3 0.834717C1.34315 0.834717 0 2.17786 0 3.83472V14.8134C0 16.4702 1.34315 17.8134 3 17.8134H22.0145C23.6714 17.8134 25.0145 16.4702 25.0145 14.8134V3.83472C25.0145 2.17786 23.6714 0.834717 22.0145 0.834717H3ZM4.44008 4.94016C3.95644 4.67349 3.3482 4.84936 3.08152 5.333C2.81484 5.81663 2.99072 6.42488 3.47436 6.69156L12.6358 11.7432L21.5507 6.68564C22.0311 6.41313 22.1996 5.80279 21.9271 5.32242C21.6546 4.84206 21.0442 4.67356 20.5639 4.94608L12.6219 9.45162L4.44008 4.94016Z\" fill=\"#504F4F\"\/>\n<\/svg>\n        \n        \n        \n            <\/div>\n    \n\n\n<\/div><div class=\"bde-button-2511-182 bde-button\">\n        \n    \n    \n    \n    \n            \n                    \n            \n            \n\n    \n    \n    \n    \n    \n    <a class=\"breakdance-link button-atom button-atom--text bde-button__button\" href=\"mailto:poldar@poldar.com.pl?subject=&body=\" target=\"_self\" data-type=\"contact\"  >\n\n    \n        <span class=\"button-atom__text\">poldar@poldar.com.pl<\/span>\n\n        \n        \n                <\/a>\n\n    \n\n\n<\/div>\n<\/div>\n<\/div><div class=\"bde-column-2511-183 bde-column\">\n  \n  \n\t\n\n\n\n<div class=\"bde-image-2511-184 bde-image\">\n<figure class=\"breakdance-image breakdance-image--245\">\n\t<div class=\"breakdance-image-container\">\n\t\t<div class=\"breakdance-image-clip\"><img loading=\"lazy\" decoding=\"async\" class=\"breakdance-image-object\" src=\"https:\/\/poldar.com.pl\/wp-content\/uploads\/Mask-group-2.png\" width=\"1685\" height=\"1685\" srcset=\"https:\/\/poldar.com.pl\/wp-content\/uploads\/Mask-group-2.png 1685w, https:\/\/poldar.com.pl\/wp-content\/uploads\/Mask-group-2-300x300.png 300w, https:\/\/poldar.com.pl\/wp-content\/uploads\/Mask-group-2-1024x1024.png 1024w, https:\/\/poldar.com.pl\/wp-content\/uploads\/Mask-group-2-150x150.png 150w, https:\/\/poldar.com.pl\/wp-content\/uploads\/Mask-group-2-768x768.png 768w, https:\/\/poldar.com.pl\/wp-content\/uploads\/Mask-group-2-1536x1536.png 1536w\" sizes=\"auto, (max-width: 1685px) 100vw, 1685px\"><\/div>\n\t<\/div><\/figure>\n\n<\/div><h3 class=\"bde-heading-2511-185 bde-heading\">\nAdrian rogala\n<\/h3><div class=\"bde-text-2511-186 bde-text\">\nSpecialista pro export\n<\/div><div class=\"bde-div-2511-187 bde-div\">\n  \n  \n\t\n\n\n\n<div class=\"bde-icon-2511-188 bde-icon\">\n\n    \n            <div class=\"bde-icon-icon breakdance-icon-atom\" >\n    \n                    <svg xmlns=\"http:\/\/www.w3.org\/2000\/svg\" width=\"26\" height=\"18\" viewBox=\"0 0 26 18\" fill=\"none\">\n<path fill-rule=\"evenodd\" clip-rule=\"evenodd\" d=\"M3 0.834717C1.34315 0.834717 0 2.17786 0 3.83472V14.8134C0 16.4702 1.34315 17.8134 3 17.8134H22.0145C23.6714 17.8134 25.0145 16.4702 25.0145 14.8134V3.83472C25.0145 2.17786 23.6714 0.834717 22.0145 0.834717H3ZM4.44008 4.94016C3.95644 4.67349 3.3482 4.84936 3.08152 5.333C2.81484 5.81663 2.99072 6.42488 3.47436 6.69156L12.6358 11.7432L21.5507 6.68564C22.0311 6.41313 22.1996 5.80279 21.9271 5.32242C21.6546 4.84206 21.0442 4.67356 20.5639 4.94608L12.6219 9.45162L4.44008 4.94016Z\" fill=\"#504F4F\"\/>\n<\/svg>\n        \n        \n        \n            <\/div>\n    \n\n\n<\/div><div class=\"bde-button-2511-189 bde-button\">\n        \n    \n    \n    \n    \n            \n                    \n            \n            \n\n    \n    \n    \n    \n    \n    <a class=\"breakdance-link button-atom button-atom--text bde-button__button\" href=\"mailto:adrian.rogala@poldar.com.pl?subject=&body=\" target=\"_self\" data-type=\"contact\"  >\n\n    \n        <span class=\"button-atom__text\">adrian.rogala@poldar.com.pl<\/span>\n\n        \n        \n                <\/a>\n\n    \n\n\n<\/div>\n<\/div>\n<\/div><div class=\"bde-column-2511-190 bde-column\">\n  \n  \n\t\n\n\n\n<div class=\"bde-image-2511-191 bde-image\">\n<figure class=\"breakdance-image breakdance-image--246\">\n\t<div class=\"breakdance-image-container\">\n\t\t<div class=\"breakdance-image-clip\"><img loading=\"lazy\" decoding=\"async\" class=\"breakdance-image-object\" src=\"https:\/\/poldar.com.pl\/wp-content\/uploads\/Mask-group-3.png\" width=\"1685\" height=\"1685\" srcset=\"https:\/\/poldar.com.pl\/wp-content\/uploads\/Mask-group-3.png 1685w, https:\/\/poldar.com.pl\/wp-content\/uploads\/Mask-group-3-300x300.png 300w, https:\/\/poldar.com.pl\/wp-content\/uploads\/Mask-group-3-1024x1024.png 1024w, https:\/\/poldar.com.pl\/wp-content\/uploads\/Mask-group-3-150x150.png 150w, https:\/\/poldar.com.pl\/wp-content\/uploads\/Mask-group-3-768x768.png 768w, https:\/\/poldar.com.pl\/wp-content\/uploads\/Mask-group-3-1536x1536.png 1536w\" sizes=\"auto, (max-width: 1685px) 100vw, 1685px\"><\/div>\n\t<\/div><\/figure>\n\n<\/div><h3 class=\"bde-heading-2511-192 bde-heading\">\nalina przespolewska\n<\/h3><div class=\"bde-text-2511-193 bde-text\">\n\u00da\u010detnictv\u00ed\n<\/div><div class=\"bde-div-2511-194 bde-div\">\n  \n  \n\t\n\n\n\n<div class=\"bde-icon-2511-195 bde-icon\">\n\n    \n            <div class=\"bde-icon-icon breakdance-icon-atom\" >\n    \n                    <svg xmlns=\"http:\/\/www.w3.org\/2000\/svg\" width=\"26\" height=\"18\" viewBox=\"0 0 26 18\" fill=\"none\">\n<path fill-rule=\"evenodd\" clip-rule=\"evenodd\" d=\"M3 0.834717C1.34315 0.834717 0 2.17786 0 3.83472V14.8134C0 16.4702 1.34315 17.8134 3 17.8134H22.0145C23.6714 17.8134 25.0145 16.4702 25.0145 14.8134V3.83472C25.0145 2.17786 23.6714 0.834717 22.0145 0.834717H3ZM4.44008 4.94016C3.95644 4.67349 3.3482 4.84936 3.08152 5.333C2.81484 5.81663 2.99072 6.42488 3.47436 6.69156L12.6358 11.7432L21.5507 6.68564C22.0311 6.41313 22.1996 5.80279 21.9271 5.32242C21.6546 4.84206 21.0442 4.67356 20.5639 4.94608L12.6219 9.45162L4.44008 4.94016Z\" fill=\"#504F4F\"\/>\n<\/svg>\n        \n        \n        \n            <\/div>\n    \n\n\n<\/div><div class=\"bde-button-2511-196 bde-button\">\n        \n    \n    \n    \n    \n            \n                    \n            \n            \n\n    \n    \n    \n    \n    \n    <a class=\"breakdance-link button-atom button-atom--text bde-button__button\" href=\"mailto:poldar@poldar.com.pl?subject=&body=\" target=\"_self\" data-type=\"contact\"  >\n\n    \n        <span class=\"button-atom__text\">poldar@poldar.com.pl<\/span>\n\n        \n        \n                <\/a>\n\n    \n\n\n<\/div>\n<\/div>\n<\/div><\/div><\/div>\n<\/section>","protected":false},"excerpt":{"rendered":"<p>Kontakt Kontaktujte n\u00e1s Jm\u00e9no* P\u0159\u00edjmen\u00ed* Email* Telefonn\u00ed \u010d\u00edslo* Nab\u00eddka* Nab\u00eddka&#8230; Jsem nov\u00fd z\u00e1kazn\u00edk Jsem st\u00e1l\u00fd z\u00e1kazn\u00edk Invidividu\u00e1ln\u00ed cen\u00edk Zpr\u00e1va* Zgody* Souhlas\u00edm se zpracov\u00e1n\u00edm m\u00fdch osobn\u00edch \u00fadaj\u016f poskytnut\u00fdch ve v\u00fd\u0161e uveden\u00e9m formul\u00e1\u0159i pro obchodn\u00ed a marketingov\u00e9 \u00fa\u010dely spole\u010dnost\u00ed Z.P.U.H. Poldar Dariusz Rogala a t\u0159et\u00edmi stranami. P\u0159e\u010detl jsem si<\/p>\n","protected":false},"author":1,"featured_media":0,"parent":0,"menu_order":0,"comment_status":"closed","ping_status":"closed","template":"","meta":{"_breakdance_hide_in_design_set":false,"_breakdance_tags":"","footnotes":""},"class_list":["post-2511","page","type-page","status-publish","hentry"],"yoast_head":"<!-- This site is optimized with the Yoast SEO plugin v27.4 - https:\/\/yoast.com\/product\/yoast-seo-wordpress\/ -->\n<title>Kontakt | Poldar<\/title>\n<meta name=\"description\" content=\"Nev\u00e1hejte n\u00e1s kontaktovat prost\u0159ednictv\u00edm telefonu nebo e-mailu \u260e\ufe0f Tel. +48 62 769 29 43, poldar@poldar.com.pl\" \/>\n<meta name=\"robots\" content=\"index, follow, max-snippet:-1, max-image-preview:large, max-video-preview:-1\" \/>\n<link rel=\"canonical\" href=\"https:\/\/poldar.com.pl\/cs\/kontakt\/\" \/>\n<meta property=\"og:locale\" content=\"cs_CZ\" \/>\n<meta property=\"og:type\" content=\"article\" \/>\n<meta property=\"og:title\" content=\"Kontakt | Poldar\" \/>\n<meta property=\"og:description\" content=\"Nev\u00e1hejte n\u00e1s kontaktovat prost\u0159ednictv\u00edm telefonu nebo e-mailu \u260e\ufe0f Tel. +48 62 769 29 43, poldar@poldar.com.pl\" \/>\n<meta property=\"og:url\" content=\"https:\/\/poldar.com.pl\/cs\/kontakt\/\" \/>\n<meta property=\"og:site_name\" content=\"Poldar\" \/>\n<meta property=\"article:modified_time\" content=\"2025-12-16T09:37:31+00:00\" \/>\n<meta name=\"twitter:card\" content=\"summary_large_image\" \/>\n<meta name=\"twitter:label1\" content=\"Odhadovan\u00e1 doba \u010dten\u00ed\" \/>\n\t<meta name=\"twitter:data1\" content=\"2 minuty\" \/>\n<script type=\"application\/ld+json\" class=\"yoast-schema-graph\">{\"@context\":\"https:\\\/\\\/schema.org\",\"@graph\":[{\"@type\":\"WebPage\",\"@id\":\"https:\\\/\\\/poldar.com.pl\\\/cs\\\/kontakt\\\/\",\"url\":\"https:\\\/\\\/poldar.com.pl\\\/cs\\\/kontakt\\\/\",\"name\":\"Kontakt | Poldar\",\"isPartOf\":{\"@id\":\"https:\\\/\\\/poldar.com.pl\\\/cs\\\/#website\"},\"datePublished\":\"2022-12-14T13:38:03+00:00\",\"dateModified\":\"2025-12-16T09:37:31+00:00\",\"description\":\"Nev\u00e1hejte n\u00e1s kontaktovat prost\u0159ednictv\u00edm telefonu nebo e-mailu \u260e\ufe0f Tel. +48 62 769 29 43, poldar@poldar.com.pl\",\"breadcrumb\":{\"@id\":\"https:\\\/\\\/poldar.com.pl\\\/cs\\\/kontakt\\\/#breadcrumb\"},\"inLanguage\":\"cs\",\"potentialAction\":[{\"@type\":\"ReadAction\",\"target\":[\"https:\\\/\\\/poldar.com.pl\\\/cs\\\/kontakt\\\/\"]}]},{\"@type\":\"BreadcrumbList\",\"@id\":\"https:\\\/\\\/poldar.com.pl\\\/cs\\\/kontakt\\\/#breadcrumb\",\"itemListElement\":[{\"@type\":\"ListItem\",\"position\":1,\"name\":\"\ud83c\udfe0\",\"item\":\"https:\\\/\\\/poldar.com.pl\\\/cs\\\/\"},{\"@type\":\"ListItem\",\"position\":2,\"name\":\"Kontakt\"}]},{\"@type\":\"WebSite\",\"@id\":\"https:\\\/\\\/poldar.com.pl\\\/cs\\\/#website\",\"url\":\"https:\\\/\\\/poldar.com.pl\\\/cs\\\/\",\"name\":\"Poldar\",\"description\":\"\",\"potentialAction\":[{\"@type\":\"SearchAction\",\"target\":{\"@type\":\"EntryPoint\",\"urlTemplate\":\"https:\\\/\\\/poldar.com.pl\\\/cs\\\/?s={search_term_string}\"},\"query-input\":{\"@type\":\"PropertyValueSpecification\",\"valueRequired\":true,\"valueName\":\"search_term_string\"}}],\"inLanguage\":\"cs\"}]}<\/script>\n<!-- \/ Yoast SEO plugin. -->","yoast_head_json":{"title":"Kontakt | Poldar","description":"Nev\u00e1hejte n\u00e1s kontaktovat prost\u0159ednictv\u00edm telefonu nebo e-mailu \u260e\ufe0f Tel. +48 62 769 29 43, poldar@poldar.com.pl","robots":{"index":"index","follow":"follow","max-snippet":"max-snippet:-1","max-image-preview":"max-image-preview:large","max-video-preview":"max-video-preview:-1"},"canonical":"https:\/\/poldar.com.pl\/cs\/kontakt\/","og_locale":"cs_CZ","og_type":"article","og_title":"Kontakt | Poldar","og_description":"Nev\u00e1hejte n\u00e1s kontaktovat prost\u0159ednictv\u00edm telefonu nebo e-mailu \u260e\ufe0f Tel. +48 62 769 29 43, poldar@poldar.com.pl","og_url":"https:\/\/poldar.com.pl\/cs\/kontakt\/","og_site_name":"Poldar","article_modified_time":"2025-12-16T09:37:31+00:00","twitter_card":"summary_large_image","twitter_misc":{"Odhadovan\u00e1 doba \u010dten\u00ed":"2 minuty"},"schema":{"@context":"https:\/\/schema.org","@graph":[{"@type":"WebPage","@id":"https:\/\/poldar.com.pl\/cs\/kontakt\/","url":"https:\/\/poldar.com.pl\/cs\/kontakt\/","name":"Kontakt | Poldar","isPartOf":{"@id":"https:\/\/poldar.com.pl\/cs\/#website"},"datePublished":"2022-12-14T13:38:03+00:00","dateModified":"2025-12-16T09:37:31+00:00","description":"Nev\u00e1hejte n\u00e1s kontaktovat prost\u0159ednictv\u00edm telefonu nebo e-mailu \u260e\ufe0f Tel. +48 62 769 29 43, poldar@poldar.com.pl","breadcrumb":{"@id":"https:\/\/poldar.com.pl\/cs\/kontakt\/#breadcrumb"},"inLanguage":"cs","potentialAction":[{"@type":"ReadAction","target":["https:\/\/poldar.com.pl\/cs\/kontakt\/"]}]},{"@type":"BreadcrumbList","@id":"https:\/\/poldar.com.pl\/cs\/kontakt\/#breadcrumb","itemListElement":[{"@type":"ListItem","position":1,"name":"\ud83c\udfe0","item":"https:\/\/poldar.com.pl\/cs\/"},{"@type":"ListItem","position":2,"name":"Kontakt"}]},{"@type":"WebSite","@id":"https:\/\/poldar.com.pl\/cs\/#website","url":"https:\/\/poldar.com.pl\/cs\/","name":"Poldar","description":"","potentialAction":[{"@type":"SearchAction","target":{"@type":"EntryPoint","urlTemplate":"https:\/\/poldar.com.pl\/cs\/?s={search_term_string}"},"query-input":{"@type":"PropertyValueSpecification","valueRequired":true,"valueName":"search_term_string"}}],"inLanguage":"cs"}]}},"_links":{"self":[{"href":"https:\/\/poldar.com.pl\/cs\/wp-json\/wp\/v2\/pages\/2511","targetHints":{"allow":["GET"]}}],"collection":[{"href":"https:\/\/poldar.com.pl\/cs\/wp-json\/wp\/v2\/pages"}],"about":[{"href":"https:\/\/poldar.com.pl\/cs\/wp-json\/wp\/v2\/types\/page"}],"author":[{"embeddable":true,"href":"https:\/\/poldar.com.pl\/cs\/wp-json\/wp\/v2\/users\/1"}],"replies":[{"embeddable":true,"href":"https:\/\/poldar.com.pl\/cs\/wp-json\/wp\/v2\/comments?post=2511"}],"version-history":[{"count":2,"href":"https:\/\/poldar.com.pl\/cs\/wp-json\/wp\/v2\/pages\/2511\/revisions"}],"predecessor-version":[{"id":4214,"href":"https:\/\/poldar.com.pl\/cs\/wp-json\/wp\/v2\/pages\/2511\/revisions\/4214"}],"wp:attachment":[{"href":"https:\/\/poldar.com.pl\/cs\/wp-json\/wp\/v2\/media?parent=2511"}],"curies":[{"name":"wp","href":"https:\/\/api.w.org\/{rel}","templated":true}]}}