{"id":3446,"date":"2022-12-14T12:46:46","date_gmt":"2022-12-14T11:46:46","guid":{"rendered":"https:\/\/poldar.com.pl\/jakosc-i-certyfikaty\/"},"modified":"2025-02-17T14:40:29","modified_gmt":"2025-02-17T13:40:29","slug":"kvalitet-og-certificering","status":"publish","type":"page","link":"https:\/\/poldar.com.pl\/da\/kvalitet-og-certificering\/","title":{"rendered":"Kvalitet og certificering"},"content":{"rendered":"<section class=\"bde-section-3446-200 bde-section\">\n  \n  \n\t\n\n\n\n<div class=\"section-container\"><h1 class=\"bde-heading-3446-201 bde-heading\">\nKvalitet og Certifikater\n<\/h1><\/div>\n<\/section><section class=\"bde-section-3446-202 bde-section\">\n  \n  \n\t\n\n\n\n<div class=\"section-container\"><div class=\"bde-div-3446-203 bde-div\">\n  \n  \n\t\n\n\n\n<div class=\"bde-columns-3446-204 bde-columns\"><div class=\"bde-column-3446-205 bde-column\">\n  \n  \n\t\n\n\n\n<h2 class=\"bde-heading-3446-206 bde-heading\">\nVigtige prioriteter i samarbejdet med vores forretningspartnere og kunder er:\n<\/h2><div class=\"bde-icon-list-3446-207 bde-icon-list bde-icon-list--background\">\n<ul>\n  \n              \n    <li>\n              <div class='bde-icon-list__item-wrapper'>\n      \n      <span class='bde-icon-list__icon' aria-hidden='true'>\n        <svg xmlns=\"http:\/\/www.w3.org\/2000\/svg\" viewBox=\"0 0 576 512\"><!-- Font Awesome Free 5.15.1 by @fontawesome - https:\/\/fontawesome.com License - https:\/\/fontawesome.com\/license\/free (Icons: CC BY 4.0, Fonts: SIL OFL 1.1, Code: MIT License) --><path d=\"M528.1 171.5L382 150.2 316.7 17.8c-11.7-23.6-45.6-23.9-57.4 0L194 150.2 47.9 171.5c-26.2 3.8-36.7 36.1-17.7 54.6l105.7 103-25 145.5c-4.5 26.3 23.2 46 46.4 33.7L288 439.6l130.7 68.7c23.2 12.2 50.9-7.4 46.4-33.7l-25-145.5 105.7-103c19-18.5 8.5-50.8-17.7-54.6zM388.6 312.3l23.7 138.4L288 385.4l-124.3 65.3 23.7-138.4-100.6-98 139-20.2 62.2-126 62.2 126 139 20.2-100.6 98z\"\/><\/svg>\n      <\/span>\n      <span class='bde-icon-list__text' >\n      Kvalitet\n      <\/span>\n              <\/div>\n      \n    <\/li>\n\n  \n              \n    <li>\n              <div class='bde-icon-list__item-wrapper'>\n      \n      <span class='bde-icon-list__icon' aria-hidden='true'>\n        <svg xmlns=\"http:\/\/www.w3.org\/2000\/svg\" viewBox=\"0 0 448 512\"><!-- Font Awesome Free 5.15.1 by @fontawesome - https:\/\/fontawesome.com License - https:\/\/fontawesome.com\/license\/free (Icons: CC BY 4.0, Fonts: SIL OFL 1.1, Code: MIT License) --><path d=\"M148 288h-40c-6.6 0-12-5.4-12-12v-40c0-6.6 5.4-12 12-12h40c6.6 0 12 5.4 12 12v40c0 6.6-5.4 12-12 12zm108-12v-40c0-6.6-5.4-12-12-12h-40c-6.6 0-12 5.4-12 12v40c0 6.6 5.4 12 12 12h40c6.6 0 12-5.4 12-12zm96 0v-40c0-6.6-5.4-12-12-12h-40c-6.6 0-12 5.4-12 12v40c0 6.6 5.4 12 12 12h40c6.6 0 12-5.4 12-12zm-96 96v-40c0-6.6-5.4-12-12-12h-40c-6.6 0-12 5.4-12 12v40c0 6.6 5.4 12 12 12h40c6.6 0 12-5.4 12-12zm-96 0v-40c0-6.6-5.4-12-12-12h-40c-6.6 0-12 5.4-12 12v40c0 6.6 5.4 12 12 12h40c6.6 0 12-5.4 12-12zm192 0v-40c0-6.6-5.4-12-12-12h-40c-6.6 0-12 5.4-12 12v40c0 6.6 5.4 12 12 12h40c6.6 0 12-5.4 12-12zm96-260v352c0 26.5-21.5 48-48 48H48c-26.5 0-48-21.5-48-48V112c0-26.5 21.5-48 48-48h48V12c0-6.6 5.4-12 12-12h40c6.6 0 12 5.4 12 12v52h128V12c0-6.6 5.4-12 12-12h40c6.6 0 12 5.4 12 12v52h48c26.5 0 48 21.5 48 48zm-48 346V160H48v298c0 3.3 2.7 6 6 6h340c3.3 0 6-2.7 6-6z\"\/><\/svg>\n      <\/span>\n      <span class='bde-icon-list__text' >\n      Punktlighed\n      <\/span>\n              <\/div>\n      \n    <\/li>\n\n  \n              \n    <li>\n              <div class='bde-icon-list__item-wrapper'>\n      \n      <span class='bde-icon-list__icon' aria-hidden='true'>\n        <svg xmlns=\"http:\/\/www.w3.org\/2000\/svg\" viewBox=\"0 0 512 512\"><!-- Font Awesome Free 5.15.1 by @fontawesome - https:\/\/fontawesome.com License - https:\/\/fontawesome.com\/license\/free (Icons: CC BY 4.0, Fonts: SIL OFL 1.1, Code: MIT License) --><path d=\"M464 0H144c-26.51 0-48 21.49-48 48v48H48c-26.51 0-48 21.49-48 48v320c0 26.51 21.49 48 48 48h320c26.51 0 48-21.49 48-48v-48h48c26.51 0 48-21.49 48-48V48c0-26.51-21.49-48-48-48zM362 464H54a6 6 0 0 1-6-6V150a6 6 0 0 1 6-6h42v224c0 26.51 21.49 48 48 48h224v42a6 6 0 0 1-6 6zm96-96H150a6 6 0 0 1-6-6V54a6 6 0 0 1 6-6h308a6 6 0 0 1 6 6v308a6 6 0 0 1-6 6z\"\/><\/svg>\n      <\/span>\n      <span class='bde-icon-list__text' >\n      Produktets konsistens\n      <\/span>\n              <\/div>\n      \n    <\/li>\n\n  <\/ul>\n\n<\/div>\n<\/div><div class=\"bde-column-3446-208 bde-column\">\n  \n  \n\t\n\n\n\n<div class=\"bde-image-3446-209 bde-image\">\n<figure class=\"breakdance-image breakdance-image--223\">\n\t<div class=\"breakdance-image-container\">\n\t\t<div class=\"breakdance-image-clip\"><img loading=\"lazy\" decoding=\"async\" class=\"breakdance-image-object\" src=\"https:\/\/poldar.com.pl\/wp-content\/uploads\/Group-43.png\" width=\"403\" height=\"377\" srcset=\"https:\/\/poldar.com.pl\/wp-content\/uploads\/Group-43.png 403w, https:\/\/poldar.com.pl\/wp-content\/uploads\/Group-43-300x281.png 300w\" sizes=\"auto, (max-width: 403px) 100vw, 403px\"><\/div>\n\t<\/div><\/figure>\n\n<\/div>\n<\/div><\/div>\n<\/div><div class=\"bde-columns-3446-210 bde-columns\"><div class=\"bde-column-3446-211 bde-column\">\n  \n  \n\t\n\n\n\n<div class=\"bde-gallery-3446-212 bde-gallery\">\n\n\n\n\n\n\n\n\n\n\n\n\n\n<div class=\"ee-gallery ee-gallery--isotope ee-gallery--masonry ee-gallery-- ee-gallery--lightbox ee-gallery-- ee-gallery--caption- ee-gallery--caption-none ee-gallery--ratio\">\n                  \n      <a class=\"ee-gallery-item ee-gallery-item--image ee-gallery-item--single\" href=\"https:\/\/poldar.com.pl\/wp-content\/uploads\/BRC-ANG-2025-1.jpg\"  data-sub-html=\"<span><\/span>\" data-category=\"1\"                  data-lg-size=\"1240-1752\"\n\n      >\n        <figure class=\"ee-gallery-item-figure\">\n                        <img loading=\"lazy\" decoding=\"async\" class=\"breakdance-image-object\" src=\"https:\/\/poldar.com.pl\/wp-content\/uploads\/BRC-ANG-2025-1-725x1024.jpg\" width=\"725\" height=\"1024\" srcset=\"https:\/\/poldar.com.pl\/wp-content\/uploads\/\/BRC-ANG-2025-1.jpg 1240w, https:\/\/poldar.com.pl\/wp-content\/uploads\/\/BRC-ANG-2025-1-212x300.jpg 212w, https:\/\/poldar.com.pl\/wp-content\/uploads\/\/BRC-ANG-2025-1-725x1024.jpg 725w, https:\/\/poldar.com.pl\/wp-content\/uploads\/\/BRC-ANG-2025-1-768x1085.jpg 768w, https:\/\/poldar.com.pl\/wp-content\/uploads\/\/BRC-ANG-2025-1-1087x1536.jpg 1087w\" sizes=\"auto, (max-width: 1240px) 100vw, 1240px\">\n          \n                  <\/figure>\n      <\/a>\n\n      \n      <div class=\"ee-gallery-gutter\"><\/div>\n  <\/div>\n\n\n\n<\/div>\n<\/div><div class=\"bde-column-3446-213 bde-column\">\n  \n  \n\t\n\n\n\n<h2 class=\"bde-heading-3446-214 bde-heading\">\nCERTIFIKATER\n<\/h2><div class=\"bde-rich-text-3446-215 bde-rich-text breakdance-rich-text-styles\">\n<p>For at im\u00f8dekomme kravene fra vores kunder implementerede vi i oktober <strong>2012<\/strong> et integreret f\u00f8devaresikkerhedsledelsessystem med certifikatet <strong>ISO 22000:2005.<\/strong><\/p>\n\n<p>De stigende krav fra vores kunder har motiveret os til at \u00e6ndre vores f\u00f8devaresikkerhedsledelsessystem, og i april 2014 indf\u00f8rte vi <strong>BRC-standarden<\/strong>, som er blevet en foruds\u00e6tning for samarbejde med de mest kr\u00e6vende kunder i Polen og EU.<\/p>\n<\/div><div class=\"bde-div-3446-216 bde-div\">\n  \n  \n\t\n\n\n\n<div class=\"bde-button-3446-217 bde-button\">\n        \n    \n    \n    \n    \n            \n                    \n            \n            \n\n    \n    \n    \n    \n    \n    <a class=\"breakdance-link button-atom button-atom--primary bde-button__button\" href=\"https:\/\/poldar.com.pl\/wp-content\/uploads\/0051211-BRC-POLPL-UKAS.pdf\" target=\"_blank\" data-type=\"url\"  >\n\n    \n        <span class=\"button-atom__text\">PDF - POL<\/span>\n\n        \n        \n                <\/a>\n\n    \n\n\n<\/div><div class=\"bde-button-3446-218 bde-button\">\n        \n    \n    \n    \n    \n            \n                    \n            \n            \n\n    \n    \n    \n    \n    \n    <a class=\"breakdance-link button-atom button-atom--primary bde-button__button\" href=\"https:\/\/poldar.com.pl\/wp-content\/uploads\/BRC-ANG-2025.pdf\" target=\"_blank\" data-type=\"url\"  >\n\n    \n        <span class=\"button-atom__text\">PDF - ENG<\/span>\n\n        \n        \n                <\/a>\n\n    \n\n\n<\/div>\n<\/div>\n<\/div><\/div><\/div>\n<\/section><section class=\"bde-section-3446-219 bde-section\">\n  \n  \n\t\n\n\n\n<div class=\"section-container\"><div class=\"bde-columns-3446-220 bde-columns\"><div class=\"bde-column-3446-221 bde-column\">\n  \n  \n\t\n\n\n\n<h2 class=\"bde-heading-3446-222 bde-heading\">\nVigtige prioriteter i samarbejdet med vores forretningspartnere og kunder er:\n<\/h2><div class=\"bde-icon-list-3446-223 bde-icon-list bde-icon-list--background\">\n<ul>\n  \n              \n    <li>\n              <div class='bde-icon-list__item-wrapper'>\n      \n      <span class='bde-icon-list__icon' aria-hidden='true'>\n        <svg xmlns=\"http:\/\/www.w3.org\/2000\/svg\" id=\"icon-coin-dollar\" viewBox=\"0 0 32 32\">\n<path d=\"M15 2c-8.284 0-15 6.716-15 15s6.716 15 15 15c8.284 0 15-6.716 15-15s-6.716-15-15-15zM15 29c-6.627 0-12-5.373-12-12s5.373-12 12-12c6.627 0 12 5.373 12 12s-5.373 12-12 12zM16 16v-4h4v-2h-4v-2h-2v2h-4v8h4v4h-4v2h4v2h2v-2h4l-0-8h-4zM14 16h-2v-4h2v4zM18 22h-2v-4h2v4z\"\/>\n<\/svg>\n      <\/span>\n      <span class='bde-icon-list__text' >\n      Pris\n      <\/span>\n              <\/div>\n      \n    <\/li>\n\n  \n              \n    <li>\n              <div class='bde-icon-list__item-wrapper'>\n      \n      <span class='bde-icon-list__icon' aria-hidden='true'>\n        <svg xmlns=\"http:\/\/www.w3.org\/2000\/svg\" viewBox=\"0 0 512 512\"><!-- Font Awesome Free 5.15.1 by @fontawesome - https:\/\/fontawesome.com License - https:\/\/fontawesome.com\/license\/free (Icons: CC BY 4.0, Fonts: SIL OFL 1.1, Code: MIT License) --><path d=\"M256 8C119.033 8 8 119.033 8 256s111.033 248 248 248 248-111.033 248-248S392.967 8 256 8zm0 48c110.532 0 200 89.451 200 200 0 110.532-89.451 200-200 200-110.532 0-200-89.451-200-200 0-110.532 89.451-200 200-200m140.204 130.267l-22.536-22.718c-4.667-4.705-12.265-4.736-16.97-.068L215.346 303.697l-59.792-60.277c-4.667-4.705-12.265-4.736-16.97-.069l-22.719 22.536c-4.705 4.667-4.736 12.265-.068 16.971l90.781 91.516c4.667 4.705 12.265 4.736 16.97.068l172.589-171.204c4.704-4.668 4.734-12.266.067-16.971z\"\/><\/svg>\n      <\/span>\n      <span class='bde-icon-list__text' >\n      Professionalisme\n      <\/span>\n              <\/div>\n      \n    <\/li>\n\n  \n              \n    <li>\n              <div class='bde-icon-list__item-wrapper'>\n      \n      <span class='bde-icon-list__icon' aria-hidden='true'>\n        <svg xmlns=\"http:\/\/www.w3.org\/2000\/svg\" viewBox=\"0 0 448 512\"><!-- Font Awesome Free 5.15.1 by @fontawesome - https:\/\/fontawesome.com License - https:\/\/fontawesome.com\/license\/free (Icons: CC BY 4.0, Fonts: SIL OFL 1.1, Code: MIT License) --><path d=\"M313.6 304c-28.7 0-42.5 16-89.6 16-47.1 0-60.8-16-89.6-16C60.2 304 0 364.2 0 438.4V464c0 26.5 21.5 48 48 48h352c26.5 0 48-21.5 48-48v-25.6c0-74.2-60.2-134.4-134.4-134.4zM400 464H48v-25.6c0-47.6 38.8-86.4 86.4-86.4 14.6 0 38.3 16 89.6 16 51.7 0 74.9-16 89.6-16 47.6 0 86.4 38.8 86.4 86.4V464zM224 288c79.5 0 144-64.5 144-144S303.5 0 224 0 80 64.5 80 144s64.5 144 144 144zm0-240c52.9 0 96 43.1 96 96s-43.1 96-96 96-96-43.1-96-96 43.1-96 96-96z\"\/><\/svg>\n      <\/span>\n      <span class='bde-icon-list__text' >\n      Individuel tilgang til kunden\n      <\/span>\n              <\/div>\n      \n    <\/li>\n\n  <\/ul>\n\n<\/div>\n<\/div><div class=\"bde-column-3446-224 bde-column\">\n  \n  \n\t\n\n\n\n<div class=\"bde-image-3446-225 bde-image\">\n<figure class=\"breakdance-image breakdance-image--223\">\n\t<div class=\"breakdance-image-container\">\n\t\t<div class=\"breakdance-image-clip\"><img loading=\"lazy\" decoding=\"async\" class=\"breakdance-image-object\" src=\"https:\/\/poldar.com.pl\/wp-content\/uploads\/Group-43.png\" width=\"403\" height=\"377\" srcset=\"https:\/\/poldar.com.pl\/wp-content\/uploads\/Group-43.png 403w, https:\/\/poldar.com.pl\/wp-content\/uploads\/Group-43-300x281.png 300w\" sizes=\"auto, (max-width: 403px) 100vw, 403px\"><\/div>\n\t<\/div><\/figure>\n\n<\/div>\n<\/div><\/div><\/div>\n<\/section>","protected":false},"excerpt":{"rendered":"<p>Kvalitet og Certifikater Vigtige prioriteter i samarbejdet med vores forretningspartnere og kunder er: Kvalitet Punktlighed Produktets konsistens CERTIFIKATER For at im\u00f8dekomme kravene fra vores kunder implementerede vi i oktober 2012 et integreret f\u00f8devaresikkerhedsledelsessystem med certifikatet ISO 22000:2005. De stigende krav fra vores kunder har motiveret os til at \u00e6ndre vores f\u00f8devaresikkerhedsledelsessystem, og i april 2014 [&hellip;]<\/p>\n","protected":false},"author":1,"featured_media":0,"parent":0,"menu_order":0,"comment_status":"closed","ping_status":"closed","template":"","meta":{"_breakdance_hide_in_design_set":false,"_breakdance_tags":"","footnotes":""},"class_list":["post-3446","page","type-page","status-publish","hentry"],"yoast_head":"<!-- This site is optimized with the Yoast SEO plugin v27.4 - https:\/\/yoast.com\/product\/yoast-seo-wordpress\/ -->\n<title>Kvalitet og certifikater | Poldar<\/title>\n<meta name=\"description\" content=\"I oktober 2012 implementerede vi det integrerede ledelsessystem for f\u00f8devaresikkerhed ISO 22000:2005.\" \/>\n<meta name=\"robots\" content=\"index, follow, max-snippet:-1, max-image-preview:large, max-video-preview:-1\" \/>\n<link rel=\"canonical\" href=\"https:\/\/poldar.com.pl\/da\/kvalitet-og-certificering\/\" \/>\n<meta property=\"og:locale\" content=\"da_DK\" \/>\n<meta property=\"og:type\" content=\"article\" \/>\n<meta property=\"og:title\" content=\"Kvalitet og certifikater | Poldar\" \/>\n<meta property=\"og:description\" content=\"I oktober 2012 implementerede vi det integrerede ledelsessystem for f\u00f8devaresikkerhed ISO 22000:2005.\" \/>\n<meta property=\"og:url\" content=\"https:\/\/poldar.com.pl\/da\/kvalitet-og-certificering\/\" \/>\n<meta property=\"og:site_name\" content=\"Poldar\" \/>\n<meta property=\"article:modified_time\" content=\"2025-02-17T13:40:29+00:00\" \/>\n<meta name=\"twitter:card\" content=\"summary_large_image\" \/>\n<meta name=\"twitter:label1\" content=\"Estimeret l\u00e6setid\" \/>\n\t<meta name=\"twitter:data1\" content=\"1 minut\" \/>\n<script type=\"application\/ld+json\" class=\"yoast-schema-graph\">{\"@context\":\"https:\\\/\\\/schema.org\",\"@graph\":[{\"@type\":\"WebPage\",\"@id\":\"https:\\\/\\\/poldar.com.pl\\\/da\\\/kvalitet-og-certificering\\\/\",\"url\":\"https:\\\/\\\/poldar.com.pl\\\/da\\\/kvalitet-og-certificering\\\/\",\"name\":\"Kvalitet og certifikater | Poldar\",\"isPartOf\":{\"@id\":\"https:\\\/\\\/poldar.com.pl\\\/da\\\/#website\"},\"datePublished\":\"2022-12-14T11:46:46+00:00\",\"dateModified\":\"2025-02-17T13:40:29+00:00\",\"description\":\"I oktober 2012 implementerede vi det integrerede ledelsessystem for f\u00f8devaresikkerhed ISO 22000:2005.\",\"breadcrumb\":{\"@id\":\"https:\\\/\\\/poldar.com.pl\\\/da\\\/kvalitet-og-certificering\\\/#breadcrumb\"},\"inLanguage\":\"da-DK\",\"potentialAction\":[{\"@type\":\"ReadAction\",\"target\":[\"https:\\\/\\\/poldar.com.pl\\\/da\\\/kvalitet-og-certificering\\\/\"]}]},{\"@type\":\"BreadcrumbList\",\"@id\":\"https:\\\/\\\/poldar.com.pl\\\/da\\\/kvalitet-og-certificering\\\/#breadcrumb\",\"itemListElement\":[{\"@type\":\"ListItem\",\"position\":1,\"name\":\"\ud83c\udfe0\",\"item\":\"https:\\\/\\\/poldar.com.pl\\\/da\\\/\"},{\"@type\":\"ListItem\",\"position\":2,\"name\":\"Kvalitet og certificering\"}]},{\"@type\":\"WebSite\",\"@id\":\"https:\\\/\\\/poldar.com.pl\\\/da\\\/#website\",\"url\":\"https:\\\/\\\/poldar.com.pl\\\/da\\\/\",\"name\":\"Poldar\",\"description\":\"\",\"potentialAction\":[{\"@type\":\"SearchAction\",\"target\":{\"@type\":\"EntryPoint\",\"urlTemplate\":\"https:\\\/\\\/poldar.com.pl\\\/da\\\/?s={search_term_string}\"},\"query-input\":{\"@type\":\"PropertyValueSpecification\",\"valueRequired\":true,\"valueName\":\"search_term_string\"}}],\"inLanguage\":\"da-DK\"}]}<\/script>\n<!-- \/ Yoast SEO plugin. -->","yoast_head_json":{"title":"Kvalitet og certifikater | Poldar","description":"I oktober 2012 implementerede vi det integrerede ledelsessystem for f\u00f8devaresikkerhed ISO 22000:2005.","robots":{"index":"index","follow":"follow","max-snippet":"max-snippet:-1","max-image-preview":"max-image-preview:large","max-video-preview":"max-video-preview:-1"},"canonical":"https:\/\/poldar.com.pl\/da\/kvalitet-og-certificering\/","og_locale":"da_DK","og_type":"article","og_title":"Kvalitet og certifikater | Poldar","og_description":"I oktober 2012 implementerede vi det integrerede ledelsessystem for f\u00f8devaresikkerhed ISO 22000:2005.","og_url":"https:\/\/poldar.com.pl\/da\/kvalitet-og-certificering\/","og_site_name":"Poldar","article_modified_time":"2025-02-17T13:40:29+00:00","twitter_card":"summary_large_image","twitter_misc":{"Estimeret l\u00e6setid":"1 minut"},"schema":{"@context":"https:\/\/schema.org","@graph":[{"@type":"WebPage","@id":"https:\/\/poldar.com.pl\/da\/kvalitet-og-certificering\/","url":"https:\/\/poldar.com.pl\/da\/kvalitet-og-certificering\/","name":"Kvalitet og certifikater | Poldar","isPartOf":{"@id":"https:\/\/poldar.com.pl\/da\/#website"},"datePublished":"2022-12-14T11:46:46+00:00","dateModified":"2025-02-17T13:40:29+00:00","description":"I oktober 2012 implementerede vi det integrerede ledelsessystem for f\u00f8devaresikkerhed ISO 22000:2005.","breadcrumb":{"@id":"https:\/\/poldar.com.pl\/da\/kvalitet-og-certificering\/#breadcrumb"},"inLanguage":"da-DK","potentialAction":[{"@type":"ReadAction","target":["https:\/\/poldar.com.pl\/da\/kvalitet-og-certificering\/"]}]},{"@type":"BreadcrumbList","@id":"https:\/\/poldar.com.pl\/da\/kvalitet-og-certificering\/#breadcrumb","itemListElement":[{"@type":"ListItem","position":1,"name":"\ud83c\udfe0","item":"https:\/\/poldar.com.pl\/da\/"},{"@type":"ListItem","position":2,"name":"Kvalitet og certificering"}]},{"@type":"WebSite","@id":"https:\/\/poldar.com.pl\/da\/#website","url":"https:\/\/poldar.com.pl\/da\/","name":"Poldar","description":"","potentialAction":[{"@type":"SearchAction","target":{"@type":"EntryPoint","urlTemplate":"https:\/\/poldar.com.pl\/da\/?s={search_term_string}"},"query-input":{"@type":"PropertyValueSpecification","valueRequired":true,"valueName":"search_term_string"}}],"inLanguage":"da-DK"}]}},"_links":{"self":[{"href":"https:\/\/poldar.com.pl\/da\/wp-json\/wp\/v2\/pages\/3446","targetHints":{"allow":["GET"]}}],"collection":[{"href":"https:\/\/poldar.com.pl\/da\/wp-json\/wp\/v2\/pages"}],"about":[{"href":"https:\/\/poldar.com.pl\/da\/wp-json\/wp\/v2\/types\/page"}],"author":[{"embeddable":true,"href":"https:\/\/poldar.com.pl\/da\/wp-json\/wp\/v2\/users\/1"}],"replies":[{"embeddable":true,"href":"https:\/\/poldar.com.pl\/da\/wp-json\/wp\/v2\/comments?post=3446"}],"version-history":[{"count":1,"href":"https:\/\/poldar.com.pl\/da\/wp-json\/wp\/v2\/pages\/3446\/revisions"}],"predecessor-version":[{"id":3903,"href":"https:\/\/poldar.com.pl\/da\/wp-json\/wp\/v2\/pages\/3446\/revisions\/3903"}],"wp:attachment":[{"href":"https:\/\/poldar.com.pl\/da\/wp-json\/wp\/v2\/media?parent=3446"}],"curies":[{"name":"wp","href":"https:\/\/api.w.org\/{rel}","templated":true}]}}