{"id":3460,"date":"2023-04-12T08:30:06","date_gmt":"2023-04-12T06:30:06","guid":{"rendered":"https:\/\/poldar.com.pl\/polityka-prywatnosci\/"},"modified":"2025-02-17T14:46:58","modified_gmt":"2025-02-17T13:46:58","slug":"fortrolighedspolitik","status":"publish","type":"page","link":"https:\/\/poldar.com.pl\/da\/fortrolighedspolitik\/","title":{"rendered":"Fortrolighedspolitik"},"content":{"rendered":"<section class=\"bde-section-3460-103 bde-section\">\n  \n  \n\t\n\n\n\n<div class=\"section-container\"><\/div>\n<\/section><section class=\"bde-section-3460-100 bde-section\">\n  \n  \n\t\n\n\n\n<div class=\"section-container\"><h1 class=\"bde-heading-3460-101 bde-heading\">\nFortrolighedspolitik\n<\/h1><\/div>\n<\/section><section class=\"bde-section-3460-104 bde-section\">\n  \n  \n\t\n\n\n\n<div class=\"section-container\"><div class=\"bde-rich-text-3460-105 bde-rich-text breakdance-rich-text-styles\">\n<h2><strong>1. Generelle oplysninger<\/strong><\/h2>\n<ol>\n  <li><p>Denne politik vedr\u00f8rer webstedet www, der er tilg\u00e6ngeligt under URL-adressen: <a target=\"_self\" href=\"https:\/\/poldar.com.pl\"><strong>poldar.com.pl<\/strong><\/a><\/p><\/li>\n  <li><p>Operat\u00f8ren af webstedet og administratoren af personoplysningerne er: Z.P.U.H POLDAR Dariusz Rogala, Dojutr\u00f3w 1, 62-812 Blizan\u00f3w<\/p><\/li>\n  <li><p>Kontakt-e-mailadresse for operat\u00f8ren: <a href=\"mailto:poldar@poldar.com.pl\">poldar@poldar.com.pl<\/a><\/p><\/li>\n  <li><p>Operat\u00f8ren er administrator af dine personoplysninger med hensyn til de oplysninger, du frivilligt giver p\u00e5 webstedet.<\/p><\/li>\n  <li><p>Webstedet anvender personoplysninger til f\u00f8lgende form\u00e5l:<\/p>\n    <ul>\n      <li><p>Behandling af foresp\u00f8rgsler via formularen<\/p><\/li>\n    <\/ul>\n  <\/li>\n  <li><p>Webstedet indsamler oplysninger om brugere og deres adf\u00e6rd p\u00e5 f\u00f8lgende m\u00e5der:<\/p>\n    <ol>\n      <li><p>Via de frivilligt indtastede data i formularer, som derefter overf\u00f8res til operat\u00f8rens systemer.<\/p><\/li>\n      <li><p>Ved at gemme cookies (s\u00e5kaldte \"cookies\") p\u00e5 brugerens enhed.<\/p><\/li>\n    <\/ol>\n  <\/li>\n<\/ol>\n\n<h2><strong>2. Udvalgte metoder til databeskyttelse anvendt af operat\u00f8ren<\/strong><\/h2>\n<ol>\n  <li><p>Steder, hvor der logges ind og indtastes personoplysninger, er beskyttet under transmission (SSL-certifikat). Derved bliver personoplysninger og loginoplysninger krypteret p\u00e5 brugerens computer og kan kun l\u00e6ses p\u00e5 den destinationserver, der er beregnet til det.<\/p><\/li>\n  <li><p>En vigtig beskyttelsesforanstaltning er regelm\u00e6ssig opdatering af al software, som operat\u00f8ren bruger til behandling af personoplysninger, hvilket is\u00e6r betyder regelm\u00e6ssige opdateringer af softwarekomponenter.<\/p><\/li>\n<\/ol>\n\n<h2><strong>3. Hosting<\/strong><\/h2>\n<ol>\n  <li><p>Webstedet er hostet (teknisk vedligeholdt) p\u00e5 operat\u00f8rens servere: et andet firma<\/p><\/li>\n<\/ol>\n\n<h2><strong>4. Dine rettigheder og yderligere oplysninger om brugen af data<\/strong><\/h2>\n<ol>\n  <li><p>Under visse omst\u00e6ndigheder har administratoren ret til at videregive dine personoplysninger til andre modtagere, hvis det er n\u00f8dvendigt for at udf\u00f8re en aftale med dig eller for at opfylde administratorens forpligtelser. Dette g\u00e6lder for f\u00f8lgende grupper af modtagere:<\/p>\n    <ul>\n      <li><p>Autoriserede medarbejdere og samarbejdspartnere, som bruger dataene til at gennemf\u00f8re form\u00e5let med webstedets funktion<\/p><\/li>\n      <li><p>Virksomheder, der leverer markedsf\u00f8ringstjenester til administratoren<\/p><\/li>\n    <\/ul>\n  <\/li>\n  <li><p>Dine personoplysninger behandles ikke l\u00e6ngere end n\u00f8dvendigt for at udf\u00f8re de handlinger, der er fastsat i s\u00e6rlige bestemmelser (f.eks. om regnskabsf\u00f8ring). For markedsf\u00f8ringsdata vil oplysningerne ikke blive behandlet i l\u00e6ngere tid end 3 \u00e5r.<\/p><\/li>\n  <li><p>Du har ret til at anmode administratoren om:<\/p>\n    <ul>\n      <li><p>Adgang til dine personoplysninger,<\/p><\/li>\n      <li><p>Retting af dem,<\/p><\/li>\n      <li><p>Sletning,<\/p><\/li>\n      <li><p>Begr\u00e6nsning af behandlingen,<\/p><\/li>\n      <li><p>Og overf\u00f8rsel af data.<\/p><\/li>\n    <\/ul>\n  <\/li>\n  <li><p>Du har ret til at g\u00f8re indsigelse mod behandling af dine personoplysninger i tilf\u00e6lde af, at behandling sker med henblik p\u00e5 at udf\u00f8re de lovligt berettigede interesser, der forf\u00f8lges af administratoren, herunder profilering. Indsigelsen kan ikke ud\u00f8ves, hvis der er v\u00e6gtige lovligt berettigede grunde til behandlingen, der vejer tungere end dine interesser, rettigheder og friheder, is\u00e6r fastl\u00e6ggelsen, forsvaret eller forf\u00f8lgelsen af krav.<\/p><\/li>\n  <li><p>Du kan indgive en klage over administratorens handlinger til formanden for Persondatarettergang, ul. Stawki 2, 00-193 Warszawa.<\/p><\/li>\n  <li><p>Det er frivilligt at give personoplysninger, men n\u00f8dvendigt for at kunne betjene webstedet.<\/p><\/li>\n  <li><p>Der kan tr\u00e6ffes automatiserede beslutninger om dig, herunder profilering, for at levere de aftalte tjenester og til direkte markedsf\u00f8ring af administratoren.<\/p><\/li>\n  <li><p>Personoplysninger overf\u00f8res ikke til tredjelande i henhold til lovgivning om databeskyttelse. Det betyder, at de ikke sendes uden for EU.<\/p><\/li>\n<\/ol>\n\n<h2><strong>5. Oplysninger i formularer<\/strong><\/h2>\n<ol>\n  <li><p>Webstedet indsamler frivillige oplysninger fra brugeren, herunder personoplysninger, hvis de gives.<\/p><\/li>\n  <li><p>Webstedet kan gemme oplysninger om forbindelsens parametre (tidsstempling, IP-adresse).<\/p><\/li>\n  <li><p>I visse tilf\u00e6lde kan webstedet gemme oplysninger, der g\u00f8r det lettere at knytte data i formularen til brugerens e-mailadresse. I s\u00e5 fald vil brugerens e-mailadresse blive vist i URL-adressen p\u00e5 den side, der indeholder formularen.<\/p><\/li>\n  <li><p>De oplysninger, der gives i formularen, behandles i henhold til den funktion, som den specifikke formular tjener, f.eks. til behandling af serviceforesp\u00f8rgsler eller forretningskontakt, registrering af tjenester osv. Hver gang vil konteksten og beskrivelsen af formularen tydeligt informere om form\u00e5let.<\/p><\/li>\n<\/ol>\n\n<h2><strong>6. Administratorens logfiler<\/strong><\/h2>\n<ol>\n  <li><p>Brugerens adf\u00e6rd p\u00e5 webstedet kan blive logget. Disse data bruges til at administrere webstedet.<\/p><\/li>\n<\/ol>\n\n<h2><strong>7. Vigtige markedsf\u00f8ringsteknikker<\/strong><\/h2>\n<ol>\n  <li><p>Operat\u00f8ren anvender statistisk analyse af trafikken p\u00e5 webstedet via Google Analytics (Google Inc. med base i USA). Operat\u00f8ren videregiver ikke personoplysninger til denne tjenesteudbyder, kun anonymiserede oplysninger. Tjenesten er baseret p\u00e5 brug af cookies p\u00e5 brugerens enhed. Brugeren kan gennemg\u00e5 og redigere oplysninger om sine pr\u00e6ferencer indsamlet af Google-netv\u00e6rket ved hj\u00e6lp af v\u00e6rkt\u00f8jet: <a href=\"https:\/\/www.google.com\/ads\/preferences\/\">https:\/\/www.google.com\/ads\/preferences\/<\/a><\/p><\/li>\n<\/ol>\n\n<h2><strong>8. Information om cookies<\/strong><\/h2><ol><li><p>Webstedet bruger cookies.<\/p><\/li><li><p>Cookies (ogs\u00e5 kaldet \"sm\u00e5kager\") er informationsdata, is\u00e6r tekstfiler, der gemmes p\u00e5 slutbrugerens enhed og bruges til at navigere p\u00e5 webstedets sider. Cookies indeholder normalt navnet p\u00e5 den webside, de kommer fra, opbevaringstiden p\u00e5 slutbrugerens enhed og et unikt nummer.<\/p><\/li><li><p>Den enhed, der placerer cookies p\u00e5 slutbrugerens enhed og f\u00e5r adgang til dem, er webstedets operat\u00f8r.<\/p><\/li><li><p>Cookies anvendes til f\u00f8lgende form\u00e5l:<\/p><ol><li><p>opretholdelse af brugerens session p\u00e5 webstedet (efter login), s\u00e5 brugeren ikke beh\u00f8ver at indtaste brugernavn og adgangskode p\u00e5 hver underside af webstedet;<\/p><\/li><li><p>opfyldelse af de form\u00e5l, der er n\u00e6vnt ovenfor i afsnittet \"Vigtige marketingteknikker\";<\/p><\/li><\/ol><\/li><li><p>Der anvendes to hovedtyper af cookies p\u00e5 webstedet: \"sessionscookies\" og \"permanente cookies\". \"Sessionscookies\" er midlertidige filer, der opbevares p\u00e5 slutbrugerens enhed, indtil brugeren logger ud, forlader webstedet eller lukker softwaren (webbrowseren). \"Permanente\" cookies opbevares p\u00e5 slutbrugerens enhed i den periode, der er angivet i cookieparametrene, eller indtil de slettes af brugeren.<\/p><\/li><li><p>Software til at browsere websteder (webbrowser) tillader som standard normalt opbevaring af cookies p\u00e5 slutbrugerens enhed. Webstedets brugere kan \u00e6ndre indstillingerne for dette. Webbrowseren giver mulighed for at slette cookies. Det er ogs\u00e5 muligt at blokere cookies automatisk. Detaljerede oplysninger om dette findes i hj\u00e6lp eller dokumentation for webbrowseren.<\/p><\/li><li><p>Begr\u00e6nsning af brugen af cookies kan p\u00e5virke nogle funktioner, der er tilg\u00e6ngelige p\u00e5 webstedets sider.<\/p><\/li><li><p>Cookies, der placeres p\u00e5 slutbrugerens enhed, kan ogs\u00e5 anvendes af de enheder, der samarbejder med webstedets operat\u00f8r, is\u00e6r Google (Google Inc., USA), Facebook (Facebook Inc., USA) og Twitter (Twitter Inc., USA).<\/p><\/li><\/ol><h2><strong>9. Administration af cookies \u2013 hvordan udtrykker og tr\u00e6kker du dit samtykke tilbage?<\/strong><\/h2><ol><li><p>Hvis brugeren ikke \u00f8nsker at modtage cookies, kan de \u00e6ndre browserens indstillinger. Vi forbeholder os retten til, at deaktivering af cookies, der er n\u00f8dvendige for godkendelsesprocesser, sikkerhed og opretholdelse af brugerpr\u00e6ferencer, kan vanskeligg\u00f8re, og i ekstreme tilf\u00e6lde forhindre brugen af webstedet.<\/p><\/li><li><p>For at administrere cookie-indstillingerne skal du v\u00e6lge den webbrowser, du bruger, fra listen nedenfor og f\u00f8lge instruktionerne:<\/p><ul><li><p><a href=\"https:\/\/support.microsoft.com\/pl-pl\/help\/10607\/microsoft-edge-view-delete-browser-history\">Edge<\/a><\/p><\/li><li><p><a href=\"https:\/\/support.microsoft.com\/pl-pl\/help\/278835\/how-to-delete-cookie-files-in-internet-explorer\">Internet Explorer<\/a><\/p><\/li><li><p><a href=\"http:\/\/support.google.com\/chrome\/bin\/answer.py?hl=pl&amp;answer=95647\">Chrome<\/a><\/p><\/li><li><p><a href=\"http:\/\/support.apple.com\/kb\/PH5042\">Safari<\/a><\/p><\/li><li><p><a href=\"http:\/\/support.mozilla.org\/pl\/kb\/W%C5%82%C4%85czanie%20i%20wy%C5%82%C4%85czanie%20obs%C5%82ugi%20ciasteczek\">Firefox<\/a><\/p><\/li><li><p><a href=\"http:\/\/help.opera.com\/Windows\/12.10\/pl\/cookies.html\">Opera<\/a><\/p><\/li><\/ul><p>Mobile enheder:<\/p><ul><li><p><a href=\"http:\/\/support.google.com\/chrome\/bin\/answer.py?hl=pl&amp;answer=95647\">Android<\/a><\/p><\/li><li><p><a href=\"http:\/\/support.apple.com\/kb\/HT1677?viewlocale=pl_PL\">Safari (iOS)<\/a><\/p><\/li><li><p><a href=\"http:\/\/www.windowsphone.com\/pl-pl\/how-to\/wp7\/web\/changing-privacy-and-other-browser-settings\">Windows Phone<\/a><\/p><\/li><\/ul><\/li><\/ol><p>Dette politikskabelon er oprettet gratis, til informationsform\u00e5l, baseret p\u00e5 vores viden, branchepraksis og g\u00e6ldende lovgivning pr. 14-08-2018. Vi anbefaler, at du kontrollerer politikskabelonen, f\u00f8r du bruger den p\u00e5 din hjemmeside. Skabelonen er baseret p\u00e5 de mest almindelige situationer, der opst\u00e5r p\u00e5 hjemmesider, men afspejler m\u00e5ske ikke fuldt ud og pr\u00e6cist din hjemmeside. L\u00e6s omhyggeligt det genererede dokument, og tilpas det efter behov til din situation, eller s\u00f8g juridisk r\u00e5dgivning. Vi p\u00e5tager os intet ansvar for konsekvenserne af brugen af dette dokument, da kun du har indflydelse p\u00e5, om alle oplysninger i det er sande. V\u00e6r ogs\u00e5 opm\u00e6rksom p\u00e5, at en privatlivspolitik, selv den bedste, kun er en del af din indsats for at beskytte brugerens personlige data og privatliv p\u00e5 din hjemmeside.<\/p>\n\n<\/div><\/div>\n<\/section>","protected":false},"excerpt":{"rendered":"<p>Fortrolighedspolitik 1. Generelle oplysninger Denne politik vedr\u00f8rer webstedet www, der er tilg\u00e6ngeligt under URL-adressen: poldar.com.pl Operat\u00f8ren af webstedet og administratoren af personoplysningerne er: Z.P.U.H POLDAR Dariusz Rogala, Dojutr\u00f3w 1, 62-812 Blizan\u00f3w Kontakt-e-mailadresse for operat\u00f8ren: poldar@poldar.com.pl Operat\u00f8ren er administrator af dine personoplysninger med hensyn til de oplysninger, du frivilligt giver p\u00e5 webstedet. Webstedet anvender personoplysninger til [&hellip;]<\/p>\n","protected":false},"author":2,"featured_media":0,"parent":0,"menu_order":0,"comment_status":"closed","ping_status":"closed","template":"","meta":{"_breakdance_hide_in_design_set":false,"_breakdance_tags":"","footnotes":""},"class_list":["post-3460","page","type-page","status-publish","hentry"],"yoast_head":"<!-- This site is optimized with the Yoast SEO plugin v27.4 - https:\/\/yoast.com\/product\/yoast-seo-wordpress\/ -->\n<title>Fortrolighedspolitik - Poldar<\/title>\n<meta name=\"robots\" content=\"noindex, follow\" \/>\n<meta property=\"og:locale\" content=\"da_DK\" \/>\n<meta property=\"og:type\" content=\"article\" \/>\n<meta property=\"og:title\" content=\"Fortrolighedspolitik - Poldar\" \/>\n<meta property=\"og:description\" content=\"Fortrolighedspolitik 1. Generelle oplysninger Denne politik vedr\u00f8rer webstedet www, der er tilg\u00e6ngeligt under URL-adressen: poldar.com.pl Operat\u00f8ren af webstedet og administratoren af personoplysningerne er: Z.P.U.H POLDAR Dariusz Rogala, Dojutr\u00f3w 1, 62-812 Blizan\u00f3w Kontakt-e-mailadresse for operat\u00f8ren: poldar@poldar.com.pl Operat\u00f8ren er administrator af dine personoplysninger med hensyn til de oplysninger, du frivilligt giver p\u00e5 webstedet. Webstedet anvender personoplysninger til [&hellip;]\" \/>\n<meta property=\"og:url\" content=\"https:\/\/poldar.com.pl\/da\/fortrolighedspolitik\/\" \/>\n<meta property=\"og:site_name\" content=\"Poldar\" \/>\n<meta property=\"article:modified_time\" content=\"2025-02-17T13:46:58+00:00\" \/>\n<meta name=\"twitter:card\" content=\"summary_large_image\" \/>\n<meta name=\"twitter:label1\" content=\"Estimeret l\u00e6setid\" \/>\n\t<meta name=\"twitter:data1\" content=\"7 minutter\" \/>\n<script type=\"application\/ld+json\" class=\"yoast-schema-graph\">{\"@context\":\"https:\\\/\\\/schema.org\",\"@graph\":[{\"@type\":\"WebPage\",\"@id\":\"https:\\\/\\\/poldar.com.pl\\\/da\\\/fortrolighedspolitik\\\/\",\"url\":\"https:\\\/\\\/poldar.com.pl\\\/da\\\/fortrolighedspolitik\\\/\",\"name\":\"Fortrolighedspolitik - Poldar\",\"isPartOf\":{\"@id\":\"https:\\\/\\\/poldar.com.pl\\\/da\\\/#website\"},\"datePublished\":\"2023-04-12T06:30:06+00:00\",\"dateModified\":\"2025-02-17T13:46:58+00:00\",\"breadcrumb\":{\"@id\":\"https:\\\/\\\/poldar.com.pl\\\/da\\\/fortrolighedspolitik\\\/#breadcrumb\"},\"inLanguage\":\"da-DK\",\"potentialAction\":[{\"@type\":\"ReadAction\",\"target\":[\"https:\\\/\\\/poldar.com.pl\\\/da\\\/fortrolighedspolitik\\\/\"]}]},{\"@type\":\"BreadcrumbList\",\"@id\":\"https:\\\/\\\/poldar.com.pl\\\/da\\\/fortrolighedspolitik\\\/#breadcrumb\",\"itemListElement\":[{\"@type\":\"ListItem\",\"position\":1,\"name\":\"\ud83c\udfe0\",\"item\":\"https:\\\/\\\/poldar.com.pl\\\/da\\\/\"},{\"@type\":\"ListItem\",\"position\":2,\"name\":\"Fortrolighedspolitik\"}]},{\"@type\":\"WebSite\",\"@id\":\"https:\\\/\\\/poldar.com.pl\\\/da\\\/#website\",\"url\":\"https:\\\/\\\/poldar.com.pl\\\/da\\\/\",\"name\":\"Poldar\",\"description\":\"\",\"potentialAction\":[{\"@type\":\"SearchAction\",\"target\":{\"@type\":\"EntryPoint\",\"urlTemplate\":\"https:\\\/\\\/poldar.com.pl\\\/da\\\/?s={search_term_string}\"},\"query-input\":{\"@type\":\"PropertyValueSpecification\",\"valueRequired\":true,\"valueName\":\"search_term_string\"}}],\"inLanguage\":\"da-DK\"}]}<\/script>\n<!-- \/ Yoast SEO plugin. -->","yoast_head_json":{"title":"Fortrolighedspolitik - Poldar","robots":{"index":"noindex","follow":"follow"},"og_locale":"da_DK","og_type":"article","og_title":"Fortrolighedspolitik - Poldar","og_description":"Fortrolighedspolitik 1. Generelle oplysninger Denne politik vedr\u00f8rer webstedet www, der er tilg\u00e6ngeligt under URL-adressen: poldar.com.pl Operat\u00f8ren af webstedet og administratoren af personoplysningerne er: Z.P.U.H POLDAR Dariusz Rogala, Dojutr\u00f3w 1, 62-812 Blizan\u00f3w Kontakt-e-mailadresse for operat\u00f8ren: poldar@poldar.com.pl Operat\u00f8ren er administrator af dine personoplysninger med hensyn til de oplysninger, du frivilligt giver p\u00e5 webstedet. Webstedet anvender personoplysninger til [&hellip;]","og_url":"https:\/\/poldar.com.pl\/da\/fortrolighedspolitik\/","og_site_name":"Poldar","article_modified_time":"2025-02-17T13:46:58+00:00","twitter_card":"summary_large_image","twitter_misc":{"Estimeret l\u00e6setid":"7 minutter"},"schema":{"@context":"https:\/\/schema.org","@graph":[{"@type":"WebPage","@id":"https:\/\/poldar.com.pl\/da\/fortrolighedspolitik\/","url":"https:\/\/poldar.com.pl\/da\/fortrolighedspolitik\/","name":"Fortrolighedspolitik - Poldar","isPartOf":{"@id":"https:\/\/poldar.com.pl\/da\/#website"},"datePublished":"2023-04-12T06:30:06+00:00","dateModified":"2025-02-17T13:46:58+00:00","breadcrumb":{"@id":"https:\/\/poldar.com.pl\/da\/fortrolighedspolitik\/#breadcrumb"},"inLanguage":"da-DK","potentialAction":[{"@type":"ReadAction","target":["https:\/\/poldar.com.pl\/da\/fortrolighedspolitik\/"]}]},{"@type":"BreadcrumbList","@id":"https:\/\/poldar.com.pl\/da\/fortrolighedspolitik\/#breadcrumb","itemListElement":[{"@type":"ListItem","position":1,"name":"\ud83c\udfe0","item":"https:\/\/poldar.com.pl\/da\/"},{"@type":"ListItem","position":2,"name":"Fortrolighedspolitik"}]},{"@type":"WebSite","@id":"https:\/\/poldar.com.pl\/da\/#website","url":"https:\/\/poldar.com.pl\/da\/","name":"Poldar","description":"","potentialAction":[{"@type":"SearchAction","target":{"@type":"EntryPoint","urlTemplate":"https:\/\/poldar.com.pl\/da\/?s={search_term_string}"},"query-input":{"@type":"PropertyValueSpecification","valueRequired":true,"valueName":"search_term_string"}}],"inLanguage":"da-DK"}]}},"_links":{"self":[{"href":"https:\/\/poldar.com.pl\/da\/wp-json\/wp\/v2\/pages\/3460","targetHints":{"allow":["GET"]}}],"collection":[{"href":"https:\/\/poldar.com.pl\/da\/wp-json\/wp\/v2\/pages"}],"about":[{"href":"https:\/\/poldar.com.pl\/da\/wp-json\/wp\/v2\/types\/page"}],"author":[{"embeddable":true,"href":"https:\/\/poldar.com.pl\/da\/wp-json\/wp\/v2\/users\/2"}],"replies":[{"embeddable":true,"href":"https:\/\/poldar.com.pl\/da\/wp-json\/wp\/v2\/comments?post=3460"}],"version-history":[{"count":1,"href":"https:\/\/poldar.com.pl\/da\/wp-json\/wp\/v2\/pages\/3460\/revisions"}],"predecessor-version":[{"id":3991,"href":"https:\/\/poldar.com.pl\/da\/wp-json\/wp\/v2\/pages\/3460\/revisions\/3991"}],"wp:attachment":[{"href":"https:\/\/poldar.com.pl\/da\/wp-json\/wp\/v2\/media?parent=3460"}],"curies":[{"name":"wp","href":"https:\/\/api.w.org\/{rel}","templated":true}]}}