{"id":2529,"date":"2022-12-14T12:46:46","date_gmt":"2022-12-14T11:46:46","guid":{"rendered":"https:\/\/poldar.com.pl\/jakosc-i-certyfikaty\/"},"modified":"2025-01-31T13:33:33","modified_gmt":"2025-01-31T13:33:33","slug":"minoseg-es-tanusitvanyok","status":"publish","type":"page","link":"https:\/\/poldar.com.pl\/hu\/minoseg-es-tanusitvanyok\/","title":{"rendered":"Min\u0151s\u00e9g \u00e9s tan\u00fas\u00edtv\u00e1nyok"},"content":{"rendered":"<section class=\"bde-section-2529-100 bde-section\">\n  \n  \n\t\n\n\n\n<div class=\"section-container\"><h1 class=\"bde-heading-2529-199 bde-heading\">\nMin\u0151s\u00e9g \u00e9s tan\u00fas\u00edtv\u00e1nyok\n<\/h1><\/div>\n<\/section><section class=\"bde-section-2529-171 bde-section\">\n  \n  \n\t\n\n\n\n<div class=\"section-container\"><div class=\"bde-div-2529-154 bde-div\">\n  \n  \n\t\n\n\n\n<div class=\"bde-columns-2529-155 bde-columns\"><div class=\"bde-column-2529-158 bde-column\">\n  \n  \n\t\n\n\n\n<h2 class=\"bde-heading-2529-179 bde-heading\">\n\u00dczleti partnereinkkel \u00e9s \u00fcgyfeleinkkel val\u00f3 egy\u00fcttm\u0171k\u00f6d\u00e9s\u00fcnk sor\u00e1n a k\u00f6vetkez\u0151 priorit\u00e1sok \u00e9rv\u00e9nyes\u00fclnek:\n<\/h2><div class=\"bde-icon-list-2529-170 bde-icon-list bde-icon-list--background\">\n<ul>\n  \n              \n    <li>\n              <div class='bde-icon-list__item-wrapper'>\n      \n      <span class='bde-icon-list__icon' aria-hidden='true'>\n        <svg xmlns=\"http:\/\/www.w3.org\/2000\/svg\" viewBox=\"0 0 576 512\"><!-- Font Awesome Free 5.15.1 by @fontawesome - https:\/\/fontawesome.com License - https:\/\/fontawesome.com\/license\/free (Icons: CC BY 4.0, Fonts: SIL OFL 1.1, Code: MIT License) --><path d=\"M528.1 171.5L382 150.2 316.7 17.8c-11.7-23.6-45.6-23.9-57.4 0L194 150.2 47.9 171.5c-26.2 3.8-36.7 36.1-17.7 54.6l105.7 103-25 145.5c-4.5 26.3 23.2 46 46.4 33.7L288 439.6l130.7 68.7c23.2 12.2 50.9-7.4 46.4-33.7l-25-145.5 105.7-103c19-18.5 8.5-50.8-17.7-54.6zM388.6 312.3l23.7 138.4L288 385.4l-124.3 65.3 23.7-138.4-100.6-98 139-20.2 62.2-126 62.2 126 139 20.2-100.6 98z\"\/><\/svg>\n      <\/span>\n      <span class='bde-icon-list__text' >\n      Min\u0151s\u00e9g\n      <\/span>\n              <\/div>\n      \n    <\/li>\n\n  \n              \n    <li>\n              <div class='bde-icon-list__item-wrapper'>\n      \n      <span class='bde-icon-list__icon' aria-hidden='true'>\n        <svg xmlns=\"http:\/\/www.w3.org\/2000\/svg\" viewBox=\"0 0 448 512\"><!-- Font Awesome Free 5.15.1 by @fontawesome - https:\/\/fontawesome.com License - https:\/\/fontawesome.com\/license\/free (Icons: CC BY 4.0, Fonts: SIL OFL 1.1, Code: MIT License) --><path d=\"M148 288h-40c-6.6 0-12-5.4-12-12v-40c0-6.6 5.4-12 12-12h40c6.6 0 12 5.4 12 12v40c0 6.6-5.4 12-12 12zm108-12v-40c0-6.6-5.4-12-12-12h-40c-6.6 0-12 5.4-12 12v40c0 6.6 5.4 12 12 12h40c6.6 0 12-5.4 12-12zm96 0v-40c0-6.6-5.4-12-12-12h-40c-6.6 0-12 5.4-12 12v40c0 6.6 5.4 12 12 12h40c6.6 0 12-5.4 12-12zm-96 96v-40c0-6.6-5.4-12-12-12h-40c-6.6 0-12 5.4-12 12v40c0 6.6 5.4 12 12 12h40c6.6 0 12-5.4 12-12zm-96 0v-40c0-6.6-5.4-12-12-12h-40c-6.6 0-12 5.4-12 12v40c0 6.6 5.4 12 12 12h40c6.6 0 12-5.4 12-12zm192 0v-40c0-6.6-5.4-12-12-12h-40c-6.6 0-12 5.4-12 12v40c0 6.6 5.4 12 12 12h40c6.6 0 12-5.4 12-12zm96-260v352c0 26.5-21.5 48-48 48H48c-26.5 0-48-21.5-48-48V112c0-26.5 21.5-48 48-48h48V12c0-6.6 5.4-12 12-12h40c6.6 0 12 5.4 12 12v52h128V12c0-6.6 5.4-12 12-12h40c6.6 0 12 5.4 12 12v52h48c26.5 0 48 21.5 48 48zm-48 346V160H48v298c0 3.3 2.7 6 6 6h340c3.3 0 6-2.7 6-6z\"\/><\/svg>\n      <\/span>\n      <span class='bde-icon-list__text' >\n      Pontoss\u00e1g\n      <\/span>\n              <\/div>\n      \n    <\/li>\n\n  \n              \n    <li>\n              <div class='bde-icon-list__item-wrapper'>\n      \n      <span class='bde-icon-list__icon' aria-hidden='true'>\n        <svg xmlns=\"http:\/\/www.w3.org\/2000\/svg\" viewBox=\"0 0 512 512\"><!-- Font Awesome Free 5.15.1 by @fontawesome - https:\/\/fontawesome.com License - https:\/\/fontawesome.com\/license\/free (Icons: CC BY 4.0, Fonts: SIL OFL 1.1, Code: MIT License) --><path d=\"M464 0H144c-26.51 0-48 21.49-48 48v48H48c-26.51 0-48 21.49-48 48v320c0 26.51 21.49 48 48 48h320c26.51 0 48-21.49 48-48v-48h48c26.51 0 48-21.49 48-48V48c0-26.51-21.49-48-48-48zM362 464H54a6 6 0 0 1-6-6V150a6 6 0 0 1 6-6h42v224c0 26.51 21.49 48 48 48h224v42a6 6 0 0 1-6 6zm96-96H150a6 6 0 0 1-6-6V54a6 6 0 0 1 6-6h308a6 6 0 0 1 6 6v308a6 6 0 0 1-6 6z\"\/><\/svg>\n      <\/span>\n      <span class='bde-icon-list__text' >\n      A term\u00e9k ism\u00e9telhet\u0151s\u00e9ge\n      <\/span>\n              <\/div>\n      \n    <\/li>\n\n  <\/ul>\n\n<\/div>\n<\/div><div class=\"bde-column-2529-156 bde-column\">\n  \n  \n\t\n\n\n\n<div class=\"bde-image-2529-157 bde-image\">\n<figure class=\"breakdance-image breakdance-image--223\">\n\t<div class=\"breakdance-image-container\">\n\t\t<div class=\"breakdance-image-clip\"><img loading=\"lazy\" decoding=\"async\" class=\"breakdance-image-object\" src=\"https:\/\/poldar.com.pl\/wp-content\/uploads\/Group-43.png\" width=\"403\" height=\"377\" srcset=\"https:\/\/poldar.com.pl\/wp-content\/uploads\/Group-43.png 403w, https:\/\/poldar.com.pl\/wp-content\/uploads\/Group-43-300x281.png 300w\" sizes=\"auto, (max-width: 403px) 100vw, 403px\"><\/div>\n\t<\/div><\/figure>\n\n<\/div>\n<\/div><\/div>\n<\/div><div class=\"bde-columns-2529-181 bde-columns\"><div class=\"bde-column-2529-182 bde-column\">\n  \n  \n\t\n\n\n\n<div class=\"bde-gallery-2529-196 bde-gallery\">\n\n\n\n\n\n\n\n\n\n\n\n\n\n<div class=\"ee-gallery ee-gallery--isotope ee-gallery--masonry ee-gallery-- ee-gallery--lightbox ee-gallery-- ee-gallery--caption- ee-gallery--caption-none ee-gallery--ratio\">\n                  \n      <a class=\"ee-gallery-item ee-gallery-item--image ee-gallery-item--single\" href=\"https:\/\/poldar.com.pl\/wp-content\/uploads\/BRC-ANG-2025-1.jpg\"  data-sub-html=\"<span><\/span>\" data-category=\"1\"                  data-lg-size=\"1240-1752\"\n\n      >\n        <figure class=\"ee-gallery-item-figure\">\n                        <img loading=\"lazy\" decoding=\"async\" class=\"breakdance-image-object\" src=\"https:\/\/poldar.com.pl\/wp-content\/uploads\/BRC-ANG-2025-1-725x1024.jpg\" width=\"725\" height=\"1024\" srcset=\"https:\/\/poldar.com.pl\/wp-content\/uploads\/BRC-ANG-2025-1.jpg 1240w, https:\/\/poldar.com.pl\/wp-content\/uploads\/BRC-ANG-2025-1-212x300.jpg 212w, https:\/\/poldar.com.pl\/wp-content\/uploads\/BRC-ANG-2025-1-725x1024.jpg 725w, https:\/\/poldar.com.pl\/wp-content\/uploads\/BRC-ANG-2025-1-768x1085.jpg 768w, https:\/\/poldar.com.pl\/wp-content\/uploads\/BRC-ANG-2025-1-1087x1536.jpg 1087w\" sizes=\"auto, (max-width: 1240px) 100vw, 1240px\">\n          \n                  <\/figure>\n      <\/a>\n\n      \n      <div class=\"ee-gallery-gutter\"><\/div>\n  <\/div>\n\n\n\n<\/div>\n<\/div><div class=\"bde-column-2529-184 bde-column\">\n  \n  \n\t\n\n\n\n<h2 class=\"bde-heading-2529-185 bde-heading\">\nTan\u00fas\u00edtv\u00e1nyok\n<\/h2><div class=\"bde-rich-text-2529-188 bde-rich-text breakdance-rich-text-styles\">\n<p>\u00dcgyfeleink ig\u00e9nyeinek kiel\u00e9g\u00edt\u00e9se \u00e9rdek\u00e9ben <strong>2012 <\/strong>okt\u00f3ber\u00e9ben bevezett\u00fck az<strong> ISO 22000:2005<\/strong> szabv\u00e1ny szerint tan\u00fas\u00edtott integr\u00e1lt \u00e9lelmiszer-biztons\u00e1gi ir\u00e1ny\u00edt\u00e1si rendszert. <\/p><p>Vev\u0151ink egyre n\u00f6vekv\u0151 ig\u00e9nyei arra \u00f6szt\u00f6n\u00f6ztek benn\u00fcnket, hogy megv\u00e1ltoztassuk \u00e9lelmiszerbiztons\u00e1gi ir\u00e1ny\u00edt\u00e1si rendszer\u00fcnket, \u00e9s <strong>2014 <\/strong>\u00e1prilis\u00e1ban bevezett\u00fck a <strong>BRC szabv\u00e1nyt,<\/strong> amelynek birtokl\u00e1sa a legig\u00e9nyesebb lengyelorsz\u00e1gi \u00e9s eur\u00f3pai uni\u00f3s \u00fcgyfelekkel val\u00f3 egy\u00fcttm\u0171k\u00f6d\u00e9s felt\u00e9tel\u00e9v\u00e9 v\u00e1lt.<\/p>\n<\/div><div class=\"bde-div-2529-193 bde-div\">\n  \n  \n\t\n\n\n\n<div class=\"bde-button-2529-191 bde-button\">\n        \n    \n    \n    \n    \n            \n                    \n            \n            \n\n    \n    \n    \n    \n    \n    <a class=\"breakdance-link button-atom button-atom--primary bde-button__button\" href=\"https:\/\/poldar.com.pl\/wp-content\/uploads\/0051211-BRC-POLPL-UKAS.pdf\" target=\"_blank\" data-type=\"url\"  >\n\n    \n        <span class=\"button-atom__text\">PDF - POL<\/span>\n\n        \n        \n                <\/a>\n\n    \n\n\n<\/div><div class=\"bde-button-2529-192 bde-button\">\n        \n    \n    \n    \n    \n            \n                    \n            \n            \n\n    \n    \n    \n    \n    \n    <a class=\"breakdance-link button-atom button-atom--primary bde-button__button\" href=\"https:\/\/poldar.com.pl\/wp-content\/uploads\/BRC-ANG-2025.pdf\" target=\"_blank\" data-type=\"url\"  >\n\n    \n        <span class=\"button-atom__text\">PDF - ENG<\/span>\n\n        \n        \n                <\/a>\n\n    \n\n\n<\/div>\n<\/div>\n<\/div><\/div><\/div>\n<\/section>","protected":false},"excerpt":{"rendered":"<p>Min\u0151s\u00e9g \u00e9s tan\u00fas\u00edtv\u00e1nyok \u00dczleti partnereinkkel \u00e9s \u00fcgyfeleinkkel val\u00f3 egy\u00fcttm\u0171k\u00f6d\u00e9s\u00fcnk sor\u00e1n a k\u00f6vetkez\u0151 priorit\u00e1sok \u00e9rv\u00e9nyes\u00fclnek: Min\u0151s\u00e9g Pontoss\u00e1g A term\u00e9k ism\u00e9telhet\u0151s\u00e9ge Tan\u00fas\u00edtv\u00e1nyok \u00dcgyfeleink ig\u00e9nyeinek kiel\u00e9g\u00edt\u00e9se \u00e9rdek\u00e9ben 2012 okt\u00f3ber\u00e9ben bevezett\u00fck az ISO 22000:2005 szabv\u00e1ny szerint tan\u00fas\u00edtott integr\u00e1lt \u00e9lelmiszer-biztons\u00e1gi ir\u00e1ny\u00edt\u00e1si rendszert. Vev\u0151ink egyre n\u00f6vekv\u0151 ig\u00e9nyei arra \u00f6szt\u00f6n\u00f6ztek benn\u00fcnket, hogy megv\u00e1ltoztassuk \u00e9lelmiszerbiztons\u00e1gi ir\u00e1ny\u00edt\u00e1si rendszer\u00fcnket, \u00e9s 2014 \u00e1prilis\u00e1ban bevezett\u00fck a BRC [&hellip;]<\/p>\n","protected":false},"author":1,"featured_media":0,"parent":0,"menu_order":0,"comment_status":"closed","ping_status":"closed","template":"","meta":{"_breakdance_hide_in_design_set":false,"_breakdance_tags":"","footnotes":""},"class_list":["post-2529","page","type-page","status-publish","hentry"],"yoast_head":"<!-- This site is optimized with the Yoast SEO plugin v27.4 - https:\/\/yoast.com\/product\/yoast-seo-wordpress\/ -->\n<title>Min\u0151s\u00e9g \u00e9s tan\u00fas\u00edtv\u00e1nyok | Poldar<\/title>\n<meta name=\"description\" content=\"2012 okt\u00f3ber\u00e9ben bevezett\u00fck az ISO 22000:2005 szabv\u00e1ny szerint tan\u00fas\u00edtott integr\u00e1lt \u00e9lelmiszer-biztons\u00e1gi ir\u00e1ny\u00edt\u00e1si rendszert.\" \/>\n<meta name=\"robots\" content=\"index, follow, max-snippet:-1, max-image-preview:large, max-video-preview:-1\" \/>\n<link rel=\"canonical\" href=\"https:\/\/poldar.com.pl\/hu\/minoseg-es-tanusitvanyok\/\" \/>\n<meta property=\"og:locale\" content=\"hu_HU\" \/>\n<meta property=\"og:type\" content=\"article\" \/>\n<meta property=\"og:title\" content=\"Min\u0151s\u00e9g \u00e9s tan\u00fas\u00edtv\u00e1nyok | Poldar\" \/>\n<meta property=\"og:description\" content=\"2012 okt\u00f3ber\u00e9ben bevezett\u00fck az ISO 22000:2005 szabv\u00e1ny szerint tan\u00fas\u00edtott integr\u00e1lt \u00e9lelmiszer-biztons\u00e1gi ir\u00e1ny\u00edt\u00e1si rendszert.\" \/>\n<meta property=\"og:url\" content=\"https:\/\/poldar.com.pl\/hu\/minoseg-es-tanusitvanyok\/\" \/>\n<meta property=\"og:site_name\" content=\"Poldar\" \/>\n<meta property=\"article:modified_time\" content=\"2025-01-31T13:33:33+00:00\" \/>\n<meta name=\"twitter:card\" content=\"summary_large_image\" \/>\n<script type=\"application\/ld+json\" class=\"yoast-schema-graph\">{\"@context\":\"https:\\\/\\\/schema.org\",\"@graph\":[{\"@type\":\"WebPage\",\"@id\":\"https:\\\/\\\/poldar.com.pl\\\/hu\\\/minoseg-es-tanusitvanyok\\\/\",\"url\":\"https:\\\/\\\/poldar.com.pl\\\/hu\\\/minoseg-es-tanusitvanyok\\\/\",\"name\":\"Min\u0151s\u00e9g \u00e9s tan\u00fas\u00edtv\u00e1nyok | Poldar\",\"isPartOf\":{\"@id\":\"https:\\\/\\\/poldar.com.pl\\\/hu\\\/#website\"},\"datePublished\":\"2022-12-14T11:46:46+00:00\",\"dateModified\":\"2025-01-31T13:33:33+00:00\",\"description\":\"2012 okt\u00f3ber\u00e9ben bevezett\u00fck az ISO 22000:2005 szabv\u00e1ny szerint tan\u00fas\u00edtott integr\u00e1lt \u00e9lelmiszer-biztons\u00e1gi ir\u00e1ny\u00edt\u00e1si rendszert.\",\"breadcrumb\":{\"@id\":\"https:\\\/\\\/poldar.com.pl\\\/hu\\\/minoseg-es-tanusitvanyok\\\/#breadcrumb\"},\"inLanguage\":\"hu\",\"potentialAction\":[{\"@type\":\"ReadAction\",\"target\":[\"https:\\\/\\\/poldar.com.pl\\\/hu\\\/minoseg-es-tanusitvanyok\\\/\"]}]},{\"@type\":\"BreadcrumbList\",\"@id\":\"https:\\\/\\\/poldar.com.pl\\\/hu\\\/minoseg-es-tanusitvanyok\\\/#breadcrumb\",\"itemListElement\":[{\"@type\":\"ListItem\",\"position\":1,\"name\":\"\ud83c\udfe0\",\"item\":\"https:\\\/\\\/poldar.com.pl\\\/hu\\\/\"},{\"@type\":\"ListItem\",\"position\":2,\"name\":\"Min\u0151s\u00e9g \u00e9s tan\u00fas\u00edtv\u00e1nyok\"}]},{\"@type\":\"WebSite\",\"@id\":\"https:\\\/\\\/poldar.com.pl\\\/hu\\\/#website\",\"url\":\"https:\\\/\\\/poldar.com.pl\\\/hu\\\/\",\"name\":\"Poldar\",\"description\":\"\",\"potentialAction\":[{\"@type\":\"SearchAction\",\"target\":{\"@type\":\"EntryPoint\",\"urlTemplate\":\"https:\\\/\\\/poldar.com.pl\\\/hu\\\/?s={search_term_string}\"},\"query-input\":{\"@type\":\"PropertyValueSpecification\",\"valueRequired\":true,\"valueName\":\"search_term_string\"}}],\"inLanguage\":\"hu\"}]}<\/script>\n<!-- \/ Yoast SEO plugin. -->","yoast_head_json":{"title":"Min\u0151s\u00e9g \u00e9s tan\u00fas\u00edtv\u00e1nyok | Poldar","description":"2012 okt\u00f3ber\u00e9ben bevezett\u00fck az ISO 22000:2005 szabv\u00e1ny szerint tan\u00fas\u00edtott integr\u00e1lt \u00e9lelmiszer-biztons\u00e1gi ir\u00e1ny\u00edt\u00e1si rendszert.","robots":{"index":"index","follow":"follow","max-snippet":"max-snippet:-1","max-image-preview":"max-image-preview:large","max-video-preview":"max-video-preview:-1"},"canonical":"https:\/\/poldar.com.pl\/hu\/minoseg-es-tanusitvanyok\/","og_locale":"hu_HU","og_type":"article","og_title":"Min\u0151s\u00e9g \u00e9s tan\u00fas\u00edtv\u00e1nyok | Poldar","og_description":"2012 okt\u00f3ber\u00e9ben bevezett\u00fck az ISO 22000:2005 szabv\u00e1ny szerint tan\u00fas\u00edtott integr\u00e1lt \u00e9lelmiszer-biztons\u00e1gi ir\u00e1ny\u00edt\u00e1si rendszert.","og_url":"https:\/\/poldar.com.pl\/hu\/minoseg-es-tanusitvanyok\/","og_site_name":"Poldar","article_modified_time":"2025-01-31T13:33:33+00:00","twitter_card":"summary_large_image","schema":{"@context":"https:\/\/schema.org","@graph":[{"@type":"WebPage","@id":"https:\/\/poldar.com.pl\/hu\/minoseg-es-tanusitvanyok\/","url":"https:\/\/poldar.com.pl\/hu\/minoseg-es-tanusitvanyok\/","name":"Min\u0151s\u00e9g \u00e9s tan\u00fas\u00edtv\u00e1nyok | Poldar","isPartOf":{"@id":"https:\/\/poldar.com.pl\/hu\/#website"},"datePublished":"2022-12-14T11:46:46+00:00","dateModified":"2025-01-31T13:33:33+00:00","description":"2012 okt\u00f3ber\u00e9ben bevezett\u00fck az ISO 22000:2005 szabv\u00e1ny szerint tan\u00fas\u00edtott integr\u00e1lt \u00e9lelmiszer-biztons\u00e1gi ir\u00e1ny\u00edt\u00e1si rendszert.","breadcrumb":{"@id":"https:\/\/poldar.com.pl\/hu\/minoseg-es-tanusitvanyok\/#breadcrumb"},"inLanguage":"hu","potentialAction":[{"@type":"ReadAction","target":["https:\/\/poldar.com.pl\/hu\/minoseg-es-tanusitvanyok\/"]}]},{"@type":"BreadcrumbList","@id":"https:\/\/poldar.com.pl\/hu\/minoseg-es-tanusitvanyok\/#breadcrumb","itemListElement":[{"@type":"ListItem","position":1,"name":"\ud83c\udfe0","item":"https:\/\/poldar.com.pl\/hu\/"},{"@type":"ListItem","position":2,"name":"Min\u0151s\u00e9g \u00e9s tan\u00fas\u00edtv\u00e1nyok"}]},{"@type":"WebSite","@id":"https:\/\/poldar.com.pl\/hu\/#website","url":"https:\/\/poldar.com.pl\/hu\/","name":"Poldar","description":"","potentialAction":[{"@type":"SearchAction","target":{"@type":"EntryPoint","urlTemplate":"https:\/\/poldar.com.pl\/hu\/?s={search_term_string}"},"query-input":{"@type":"PropertyValueSpecification","valueRequired":true,"valueName":"search_term_string"}}],"inLanguage":"hu"}]}},"_links":{"self":[{"href":"https:\/\/poldar.com.pl\/hu\/wp-json\/wp\/v2\/pages\/2529","targetHints":{"allow":["GET"]}}],"collection":[{"href":"https:\/\/poldar.com.pl\/hu\/wp-json\/wp\/v2\/pages"}],"about":[{"href":"https:\/\/poldar.com.pl\/hu\/wp-json\/wp\/v2\/types\/page"}],"author":[{"embeddable":true,"href":"https:\/\/poldar.com.pl\/hu\/wp-json\/wp\/v2\/users\/1"}],"replies":[{"embeddable":true,"href":"https:\/\/poldar.com.pl\/hu\/wp-json\/wp\/v2\/comments?post=2529"}],"version-history":[{"count":0,"href":"https:\/\/poldar.com.pl\/hu\/wp-json\/wp\/v2\/pages\/2529\/revisions"}],"wp:attachment":[{"href":"https:\/\/poldar.com.pl\/hu\/wp-json\/wp\/v2\/media?parent=2529"}],"curies":[{"name":"wp","href":"https:\/\/api.w.org\/{rel}","templated":true}]}}