{"id":3379,"date":"2022-12-14T12:46:46","date_gmt":"2022-12-14T11:46:46","guid":{"rendered":"https:\/\/poldar.com.pl\/jakosc-i-certyfikaty\/"},"modified":"2025-02-17T14:40:30","modified_gmt":"2025-02-17T13:40:30","slug":"qualita-e-certificati","status":"publish","type":"page","link":"https:\/\/poldar.com.pl\/it\/qualita-e-certificati\/","title":{"rendered":"Qualit\u00e0 e certificati"},"content":{"rendered":"<section class=\"bde-section-3379-100 bde-section\">\n  \n  \n\t\n\n\n\n<div class=\"section-container\"><h1 class=\"bde-heading-3379-199 bde-heading\">\nQualit\u00e0 e certificazioni\n<\/h1><\/div>\n<\/section><section class=\"bde-section-3379-171 bde-section\">\n  \n  \n\t\n\n\n\n<div class=\"section-container\"><div class=\"bde-div-3379-154 bde-div\">\n  \n  \n\t\n\n\n\n<div class=\"bde-columns-3379-155 bde-columns\"><div class=\"bde-column-3379-158 bde-column\">\n  \n  \n\t\n\n\n\n<h2 class=\"bde-heading-3379-179 bde-heading\">\nI nostri obiettivi principali nella collaborazione con i partner commerciali e i clienti sono:\n<\/h2><div class=\"bde-icon-list-3379-170 bde-icon-list bde-icon-list--background\">\n<ul>\n  \n              \n    <li>\n              <div class='bde-icon-list__item-wrapper'>\n      \n      <span class='bde-icon-list__icon' aria-hidden='true'>\n        <svg xmlns=\"http:\/\/www.w3.org\/2000\/svg\" viewBox=\"0 0 576 512\"><!-- Font Awesome Free 5.15.1 by @fontawesome - https:\/\/fontawesome.com License - https:\/\/fontawesome.com\/license\/free (Icons: CC BY 4.0, Fonts: SIL OFL 1.1, Code: MIT License) --><path d=\"M528.1 171.5L382 150.2 316.7 17.8c-11.7-23.6-45.6-23.9-57.4 0L194 150.2 47.9 171.5c-26.2 3.8-36.7 36.1-17.7 54.6l105.7 103-25 145.5c-4.5 26.3 23.2 46 46.4 33.7L288 439.6l130.7 68.7c23.2 12.2 50.9-7.4 46.4-33.7l-25-145.5 105.7-103c19-18.5 8.5-50.8-17.7-54.6zM388.6 312.3l23.7 138.4L288 385.4l-124.3 65.3 23.7-138.4-100.6-98 139-20.2 62.2-126 62.2 126 139 20.2-100.6 98z\"\/><\/svg>\n      <\/span>\n      <span class='bde-icon-list__text' >\n      Qualit\u00e0\n      <\/span>\n              <\/div>\n      \n    <\/li>\n\n  \n              \n    <li>\n              <div class='bde-icon-list__item-wrapper'>\n      \n      <span class='bde-icon-list__icon' aria-hidden='true'>\n        <svg xmlns=\"http:\/\/www.w3.org\/2000\/svg\" viewBox=\"0 0 448 512\"><!-- Font Awesome Free 5.15.1 by @fontawesome - https:\/\/fontawesome.com License - https:\/\/fontawesome.com\/license\/free (Icons: CC BY 4.0, Fonts: SIL OFL 1.1, Code: MIT License) --><path d=\"M148 288h-40c-6.6 0-12-5.4-12-12v-40c0-6.6 5.4-12 12-12h40c6.6 0 12 5.4 12 12v40c0 6.6-5.4 12-12 12zm108-12v-40c0-6.6-5.4-12-12-12h-40c-6.6 0-12 5.4-12 12v40c0 6.6 5.4 12 12 12h40c6.6 0 12-5.4 12-12zm96 0v-40c0-6.6-5.4-12-12-12h-40c-6.6 0-12 5.4-12 12v40c0 6.6 5.4 12 12 12h40c6.6 0 12-5.4 12-12zm-96 96v-40c0-6.6-5.4-12-12-12h-40c-6.6 0-12 5.4-12 12v40c0 6.6 5.4 12 12 12h40c6.6 0 12-5.4 12-12zm-96 0v-40c0-6.6-5.4-12-12-12h-40c-6.6 0-12 5.4-12 12v40c0 6.6 5.4 12 12 12h40c6.6 0 12-5.4 12-12zm192 0v-40c0-6.6-5.4-12-12-12h-40c-6.6 0-12 5.4-12 12v40c0 6.6 5.4 12 12 12h40c6.6 0 12-5.4 12-12zm96-260v352c0 26.5-21.5 48-48 48H48c-26.5 0-48-21.5-48-48V112c0-26.5 21.5-48 48-48h48V12c0-6.6 5.4-12 12-12h40c6.6 0 12 5.4 12 12v52h128V12c0-6.6 5.4-12 12-12h40c6.6 0 12 5.4 12 12v52h48c26.5 0 48 21.5 48 48zm-48 346V160H48v298c0 3.3 2.7 6 6 6h340c3.3 0 6-2.7 6-6z\"\/><\/svg>\n      <\/span>\n      <span class='bde-icon-list__text' >\n      Puntualit\u00e0\n      <\/span>\n              <\/div>\n      \n    <\/li>\n\n  \n              \n    <li>\n              <div class='bde-icon-list__item-wrapper'>\n      \n      <span class='bde-icon-list__icon' aria-hidden='true'>\n        <svg xmlns=\"http:\/\/www.w3.org\/2000\/svg\" viewBox=\"0 0 512 512\"><!-- Font Awesome Free 5.15.1 by @fontawesome - https:\/\/fontawesome.com License - https:\/\/fontawesome.com\/license\/free (Icons: CC BY 4.0, Fonts: SIL OFL 1.1, Code: MIT License) --><path d=\"M464 0H144c-26.51 0-48 21.49-48 48v48H48c-26.51 0-48 21.49-48 48v320c0 26.51 21.49 48 48 48h320c26.51 0 48-21.49 48-48v-48h48c26.51 0 48-21.49 48-48V48c0-26.51-21.49-48-48-48zM362 464H54a6 6 0 0 1-6-6V150a6 6 0 0 1 6-6h42v224c0 26.51 21.49 48 48 48h224v42a6 6 0 0 1-6 6zm96-96H150a6 6 0 0 1-6-6V54a6 6 0 0 1 6-6h308a6 6 0 0 1 6 6v308a6 6 0 0 1-6 6z\"\/><\/svg>\n      <\/span>\n      <span class='bde-icon-list__text' >\n      Ripetibilit\u00e0 del prodotto\n      <\/span>\n              <\/div>\n      \n    <\/li>\n\n  <\/ul>\n\n<\/div>\n<\/div><div class=\"bde-column-3379-156 bde-column\">\n  \n  \n\t\n\n\n\n<div class=\"bde-image-3379-157 bde-image\">\n<figure class=\"breakdance-image breakdance-image--223\">\n\t<div class=\"breakdance-image-container\">\n\t\t<div class=\"breakdance-image-clip\"><img loading=\"lazy\" decoding=\"async\" class=\"breakdance-image-object\" src=\"https:\/\/poldar.com.pl\/wp-content\/uploads\/Group-43.png\" width=\"403\" height=\"377\" srcset=\"https:\/\/poldar.com.pl\/wp-content\/uploads\/Group-43.png 403w, https:\/\/poldar.com.pl\/wp-content\/uploads\/Group-43-300x281.png 300w\" sizes=\"auto, (max-width: 403px) 100vw, 403px\"><\/div>\n\t<\/div><\/figure>\n\n<\/div>\n<\/div><\/div>\n<\/div><div class=\"bde-columns-3379-181 bde-columns\"><div class=\"bde-column-3379-182 bde-column\">\n  \n  \n\t\n\n\n\n<div class=\"bde-gallery-3379-196 bde-gallery\">\n\n\n\n\n\n\n\n\n\n\n\n\n\n<div class=\"ee-gallery ee-gallery--isotope ee-gallery--masonry ee-gallery-- ee-gallery--lightbox ee-gallery-- ee-gallery--caption- ee-gallery--caption-none ee-gallery--ratio\">\n                  \n      <a class=\"ee-gallery-item ee-gallery-item--image ee-gallery-item--single\" href=\"https:\/\/poldar.com.pl\/wp-content\/uploads\/BRC-ANG-2025-1.jpg\"  data-sub-html=\"<span><\/span>\" data-category=\"1\"                  data-lg-size=\"1240-1752\"\n\n      >\n        <figure class=\"ee-gallery-item-figure\">\n                        <img loading=\"lazy\" decoding=\"async\" class=\"breakdance-image-object\" src=\"https:\/\/poldar.com.pl\/wp-content\/uploads\/BRC-ANG-2025-1-725x1024.jpg\" width=\"725\" height=\"1024\" srcset=\"https:\/\/poldar.com.pl\/wp-content\/uploads\/\/BRC-ANG-2025-1.jpg 1240w, https:\/\/poldar.com.pl\/wp-content\/uploads\/\/BRC-ANG-2025-1-212x300.jpg 212w, https:\/\/poldar.com.pl\/wp-content\/uploads\/\/BRC-ANG-2025-1-725x1024.jpg 725w, https:\/\/poldar.com.pl\/wp-content\/uploads\/\/BRC-ANG-2025-1-768x1085.jpg 768w, https:\/\/poldar.com.pl\/wp-content\/uploads\/\/BRC-ANG-2025-1-1087x1536.jpg 1087w\" sizes=\"auto, (max-width: 1240px) 100vw, 1240px\">\n          \n                  <\/figure>\n      <\/a>\n\n      \n      <div class=\"ee-gallery-gutter\"><\/div>\n  <\/div>\n\n\n\n<\/div>\n<\/div><div class=\"bde-column-3379-184 bde-column\">\n  \n  \n\t\n\n\n\n<h2 class=\"bde-heading-3379-185 bde-heading\">\nCERTIFICATI\n<\/h2><div class=\"bde-rich-text-3379-188 bde-rich-text breakdance-rich-text-styles\">\n<p>Per soddisfare le esigenze dei clienti, nel mese di <strong>ottobre 2012<\/strong> abbiamo implementato un sistema integrato di gestione della sicurezza alimentare con il certificato <strong>ISO 22000:2005<\/strong>.<\/p> <p>Le crescenti richieste dei nostri clienti ci hanno spinto a modificare il sistema di gestione della sicurezza alimentare e nell'aprile <strong>2014<\/strong> abbiamo introdotto lo <strong>standard BRC<\/strong>, che \u00e8 diventato un requisito per collaborare con i clienti pi\u00f9 esigenti in Polonia e nell'Unione Europea.<\/p>\n<\/div><div class=\"bde-div-3379-193 bde-div\">\n  \n  \n\t\n\n\n\n<div class=\"bde-button-3379-191 bde-button\">\n        \n    \n    \n    \n    \n            \n                    \n            \n            \n\n    \n    \n    \n    \n    \n    <a class=\"breakdance-link button-atom button-atom--primary bde-button__button\" href=\"https:\/\/poldar.com.pl\/wp-content\/uploads\/0051211-BRC-POLPL-UKAS.pdf\" target=\"_blank\" data-type=\"url\"  >\n\n    \n        <span class=\"button-atom__text\">PDF - POL<\/span>\n\n        \n        \n                <\/a>\n\n    \n\n\n<\/div><div class=\"bde-button-3379-192 bde-button\">\n        \n    \n    \n    \n    \n            \n                    \n            \n            \n\n    \n    \n    \n    \n    \n    <a class=\"breakdance-link button-atom button-atom--primary bde-button__button\" href=\"https:\/\/poldar.com.pl\/wp-content\/uploads\/BRC-ANG-2025.pdf\" target=\"_blank\" data-type=\"url\"  >\n\n    \n        <span class=\"button-atom__text\">PDF - ENG<\/span>\n\n        \n        \n                <\/a>\n\n    \n\n\n<\/div>\n<\/div>\n<\/div><\/div><\/div>\n<\/section>","protected":false},"excerpt":{"rendered":"<p>Qualit\u00e0 e certificazioni I nostri obiettivi principali nella collaborazione con i partner commerciali e i clienti sono: Qualit\u00e0 Puntualit\u00e0 Ripetibilit\u00e0 del prodotto CERTIFICATI Per soddisfare le esigenze dei clienti, nel mese di ottobre 2012 abbiamo implementato un sistema integrato di gestione della sicurezza alimentare con il certificato ISO 22000:2005. Le crescenti richieste dei nostri clienti [&hellip;]<\/p>\n","protected":false},"author":1,"featured_media":0,"parent":0,"menu_order":0,"comment_status":"closed","ping_status":"closed","template":"","meta":{"_breakdance_hide_in_design_set":false,"_breakdance_tags":"","footnotes":""},"class_list":["post-3379","page","type-page","status-publish","hentry"],"yoast_head":"<!-- This site is optimized with the Yoast SEO plugin v27.5 - https:\/\/yoast.com\/product\/yoast-seo-wordpress\/ -->\n<title>Qualit\u00e0 e Certificati | Poldar<\/title>\n<meta name=\"description\" content=\"Nel mese di ottobre 2012, abbiamo implementato un sistema integrato di gestione della sicurezza alimentare con il certificato ISO 22000:2005.\" \/>\n<meta name=\"robots\" content=\"index, follow, max-snippet:-1, max-image-preview:large, max-video-preview:-1\" \/>\n<link rel=\"canonical\" href=\"https:\/\/poldar.com.pl\/it\/qualita-e-certificati\/\" \/>\n<meta property=\"og:locale\" content=\"it_IT\" \/>\n<meta property=\"og:type\" content=\"article\" \/>\n<meta property=\"og:title\" content=\"Qualit\u00e0 e Certificati | Poldar\" \/>\n<meta property=\"og:description\" content=\"Nel mese di ottobre 2012, abbiamo implementato un sistema integrato di gestione della sicurezza alimentare con il certificato ISO 22000:2005.\" \/>\n<meta property=\"og:url\" content=\"https:\/\/poldar.com.pl\/it\/qualita-e-certificati\/\" \/>\n<meta property=\"og:site_name\" content=\"Poldar\" \/>\n<meta property=\"article:modified_time\" content=\"2025-02-17T13:40:30+00:00\" \/>\n<meta name=\"twitter:card\" content=\"summary_large_image\" \/>\n<meta name=\"twitter:label1\" content=\"Tempo di lettura stimato\" \/>\n\t<meta name=\"twitter:data1\" content=\"1 minuto\" \/>\n<script type=\"application\/ld+json\" class=\"yoast-schema-graph\">{\"@context\":\"https:\\\/\\\/schema.org\",\"@graph\":[{\"@type\":\"WebPage\",\"@id\":\"https:\\\/\\\/poldar.com.pl\\\/it\\\/qualita-e-certificati\\\/\",\"url\":\"https:\\\/\\\/poldar.com.pl\\\/it\\\/qualita-e-certificati\\\/\",\"name\":\"Qualit\u00e0 e Certificati | Poldar\",\"isPartOf\":{\"@id\":\"https:\\\/\\\/poldar.com.pl\\\/it\\\/#website\"},\"datePublished\":\"2022-12-14T11:46:46+00:00\",\"dateModified\":\"2025-02-17T13:40:30+00:00\",\"description\":\"Nel mese di ottobre 2012, abbiamo implementato un sistema integrato di gestione della sicurezza alimentare con il certificato ISO 22000:2005.\",\"breadcrumb\":{\"@id\":\"https:\\\/\\\/poldar.com.pl\\\/it\\\/qualita-e-certificati\\\/#breadcrumb\"},\"inLanguage\":\"it-IT\",\"potentialAction\":[{\"@type\":\"ReadAction\",\"target\":[\"https:\\\/\\\/poldar.com.pl\\\/it\\\/qualita-e-certificati\\\/\"]}]},{\"@type\":\"BreadcrumbList\",\"@id\":\"https:\\\/\\\/poldar.com.pl\\\/it\\\/qualita-e-certificati\\\/#breadcrumb\",\"itemListElement\":[{\"@type\":\"ListItem\",\"position\":1,\"name\":\"\ud83c\udfe0\",\"item\":\"https:\\\/\\\/poldar.com.pl\\\/it\\\/\"},{\"@type\":\"ListItem\",\"position\":2,\"name\":\"Qualit\u00e0 e certificati\"}]},{\"@type\":\"WebSite\",\"@id\":\"https:\\\/\\\/poldar.com.pl\\\/it\\\/#website\",\"url\":\"https:\\\/\\\/poldar.com.pl\\\/it\\\/\",\"name\":\"Poldar\",\"description\":\"\",\"potentialAction\":[{\"@type\":\"SearchAction\",\"target\":{\"@type\":\"EntryPoint\",\"urlTemplate\":\"https:\\\/\\\/poldar.com.pl\\\/it\\\/?s={search_term_string}\"},\"query-input\":{\"@type\":\"PropertyValueSpecification\",\"valueRequired\":true,\"valueName\":\"search_term_string\"}}],\"inLanguage\":\"it-IT\"}]}<\/script>\n<!-- \/ Yoast SEO plugin. -->","yoast_head_json":{"title":"Qualit\u00e0 e Certificati | Poldar","description":"Nel mese di ottobre 2012, abbiamo implementato un sistema integrato di gestione della sicurezza alimentare con il certificato ISO 22000:2005.","robots":{"index":"index","follow":"follow","max-snippet":"max-snippet:-1","max-image-preview":"max-image-preview:large","max-video-preview":"max-video-preview:-1"},"canonical":"https:\/\/poldar.com.pl\/it\/qualita-e-certificati\/","og_locale":"it_IT","og_type":"article","og_title":"Qualit\u00e0 e Certificati | Poldar","og_description":"Nel mese di ottobre 2012, abbiamo implementato un sistema integrato di gestione della sicurezza alimentare con il certificato ISO 22000:2005.","og_url":"https:\/\/poldar.com.pl\/it\/qualita-e-certificati\/","og_site_name":"Poldar","article_modified_time":"2025-02-17T13:40:30+00:00","twitter_card":"summary_large_image","twitter_misc":{"Tempo di lettura stimato":"1 minuto"},"schema":{"@context":"https:\/\/schema.org","@graph":[{"@type":"WebPage","@id":"https:\/\/poldar.com.pl\/it\/qualita-e-certificati\/","url":"https:\/\/poldar.com.pl\/it\/qualita-e-certificati\/","name":"Qualit\u00e0 e Certificati | Poldar","isPartOf":{"@id":"https:\/\/poldar.com.pl\/it\/#website"},"datePublished":"2022-12-14T11:46:46+00:00","dateModified":"2025-02-17T13:40:30+00:00","description":"Nel mese di ottobre 2012, abbiamo implementato un sistema integrato di gestione della sicurezza alimentare con il certificato ISO 22000:2005.","breadcrumb":{"@id":"https:\/\/poldar.com.pl\/it\/qualita-e-certificati\/#breadcrumb"},"inLanguage":"it-IT","potentialAction":[{"@type":"ReadAction","target":["https:\/\/poldar.com.pl\/it\/qualita-e-certificati\/"]}]},{"@type":"BreadcrumbList","@id":"https:\/\/poldar.com.pl\/it\/qualita-e-certificati\/#breadcrumb","itemListElement":[{"@type":"ListItem","position":1,"name":"\ud83c\udfe0","item":"https:\/\/poldar.com.pl\/it\/"},{"@type":"ListItem","position":2,"name":"Qualit\u00e0 e certificati"}]},{"@type":"WebSite","@id":"https:\/\/poldar.com.pl\/it\/#website","url":"https:\/\/poldar.com.pl\/it\/","name":"Poldar","description":"","potentialAction":[{"@type":"SearchAction","target":{"@type":"EntryPoint","urlTemplate":"https:\/\/poldar.com.pl\/it\/?s={search_term_string}"},"query-input":{"@type":"PropertyValueSpecification","valueRequired":true,"valueName":"search_term_string"}}],"inLanguage":"it-IT"}]}},"_links":{"self":[{"href":"https:\/\/poldar.com.pl\/it\/wp-json\/wp\/v2\/pages\/3379","targetHints":{"allow":["GET"]}}],"collection":[{"href":"https:\/\/poldar.com.pl\/it\/wp-json\/wp\/v2\/pages"}],"about":[{"href":"https:\/\/poldar.com.pl\/it\/wp-json\/wp\/v2\/types\/page"}],"author":[{"embeddable":true,"href":"https:\/\/poldar.com.pl\/it\/wp-json\/wp\/v2\/users\/1"}],"replies":[{"embeddable":true,"href":"https:\/\/poldar.com.pl\/it\/wp-json\/wp\/v2\/comments?post=3379"}],"version-history":[{"count":1,"href":"https:\/\/poldar.com.pl\/it\/wp-json\/wp\/v2\/pages\/3379\/revisions"}],"predecessor-version":[{"id":3911,"href":"https:\/\/poldar.com.pl\/it\/wp-json\/wp\/v2\/pages\/3379\/revisions\/3911"}],"wp:attachment":[{"href":"https:\/\/poldar.com.pl\/it\/wp-json\/wp\/v2\/media?parent=3379"}],"curies":[{"name":"wp","href":"https:\/\/api.w.org\/{rel}","templated":true}]}}